{"id":531,"date":"2024-04-11T03:48:14","date_gmt":"2024-04-11T03:48:14","guid":{"rendered":"https:\/\/miniledspotlight.com\/?post_type=product&#038;p=531"},"modified":"2024-08-19T06:25:03","modified_gmt":"2024-08-19T06:25:03","slug":"single-color-flex-strips","status":"publish","type":"product","link":"https:\/\/miniledspotlight.com\/pt\/produto\/single-color-flex-strips\/","title":{"rendered":"Fita LED COB 480LEDs\/m 10MM PCB tamanho de corte 25mm\/50mm"},"content":{"rendered":"<table id=\"tablepress-40\" class=\"tablepress tablepress-id-40 tbody-has-connected-cells\">\n<thead>\n<tr class=\"row-1\">\n\t<th class=\"column-1\">Especifica\u00e7\u00f5es<\/th><th class=\"column-2\">S\u00e9rie de produtos\uff1a<\/th><th class=\"column-3\">Fita LED COB<\/th>\n<\/tr>\n<\/thead>\n<tbody class=\"row-striping row-hover\">\n<tr class=\"row-2\">\n\t<td rowspan=\"17\" class=\"column-1\"><\/td><td class=\"column-2\">Nome do produto\uff1a<\/td><td class=\"column-3\">FENNEL<\/td>\n<\/tr>\n<tr class=\"row-3\">\n\t<td class=\"column-2\">Modelo n.\u00ba \uff1a<\/td><td class=\"column-3\">VL-FCOB-480D-P08<\/td>\n<\/tr>\n<tr class=\"row-4\">\n\t<td class=\"column-2\">Tens\u00e3o de entrada\uff1a<\/td><td class=\"column-3\">DC12V\/24V<\/td>\n<\/tr>\n<tr class=\"row-5\">\n\t<td class=\"column-2\">Pot\u00eancia\uff1a<\/td><td class=\"column-3\">9W\/m 12W\/m<\/td>\n<\/tr>\n<tr class=\"row-6\">\n\t<td class=\"column-2\">LEDs QYT\uff1a<\/td><td class=\"column-3\">480LEDs\/m<\/td>\n<\/tr>\n<tr class=\"row-7\">\n\t<td class=\"column-2\">Largura da placa de circuito impresso\uff1a<\/td><td class=\"column-3\">8 mm<\/td>\n<\/tr>\n<tr class=\"row-8\">\n\t<td class=\"column-2\">Tamanho do corte\uff1a<\/td><td class=\"column-3\">86,66 mm<\/td>\n<\/tr>\n<tr class=\"row-9\">\n\t<td rowspan=\"3\" class=\"column-2\">Efici\u00eancia luminosa\uff1a<\/td><td class=\"column-3\">CW(6000-6500k) 110LM(\u00b110% ) \/ W CRI&gt;90<\/td>\n<\/tr>\n<tr class=\"row-10\">\n\t<td class=\"column-3\">NW(4000-4500K) 100LM(\u00b110% ) \/ W CRI&gt;90<\/td>\n<\/tr>\n<tr class=\"row-11\">\n\t<td class=\"column-3\">WW(2800-3200k) 95LM(\u00b110% ) \/ W CRI&gt;90<\/td>\n<\/tr>\n<tr class=\"row-12\">\n\t<td class=\"column-2\">Certifica\u00e7\u00e3o\uff1a<\/td><td class=\"column-3\">CE\uff0cRoHS\uff0cSAA\uff0cCB\uff0cETL<\/td>\n<\/tr>\n<tr class=\"row-13\">\n\t<td class=\"column-2\">Temperatura de cor\uff1a<\/td><td class=\"column-3\">2800-6500K(CW:6000-6500K,NW:4000-4500K, WW(2800-3200K )<\/td>\n<\/tr>\n<tr class=\"row-14\">\n\t<td class=\"column-2\">\u00cdndice de reprodu\u00e7\u00e3o de cores\uff1a<\/td><td class=\"column-3\">&gt;90Ra ou &gt;95Ra<\/td>\n<\/tr>\n<tr class=\"row-15\">\n\t<td class=\"column-2\">N\u00edvel de impermeabilidade\uff1a<\/td><td class=\"column-3\">IP20 \/ IP65 \/IP66 \/ IP67 \/IP68<\/td>\n<\/tr>\n<tr class=\"row-16\">\n\t<td class=\"column-2\">Aplica\u00e7\u00e3o\uff1a<\/td><td class=\"column-3\">Amplamente utilizado para ilumina\u00e7\u00e3o decorativa, ambiente e funcional, tanto em ambientes interiores como exteriores.<\/td>\n<\/tr>\n<tr class=\"row-17\">\n\t<td class=\"column-2\">Certifica\u00e7\u00e3o\uff1a<\/td><td class=\"column-3\">CE\uff0cRoHS\uff0cSAA\uff0cCB\uff0cETL<\/td>\n<\/tr>\n<tr class=\"row-18\">\n\t<td class=\"column-2\">Garantia\uff1a<\/td><td class=\"column-3\">3 anos<\/td>\n<\/tr>\n<tr class=\"row-19\">\n\t<td colspan=\"3\" class=\"column-1\">Observa\u00e7\u00f5es:<br \/>\n<br \/>\n1. Todas as imagens e dados acima s\u00e3o apenas para sua refer\u00eancia, os modelos podem diferir ligeiramente devido \u00e0 opera\u00e7\u00e3o de f\u00e1brica.<br \/>\n<br \/>\n2. De acordo com as exig\u00eancias das regras Energy Star e outras regras, toler\u00e2ncia de pot\u00eancia \u00b110% e CRI \u00b15.<br \/>\n<br \/>\n3. Toler\u00e2ncia de sa\u00edda de l\u00famen 90%-120%.<br \/>\n<br \/>\n4. Toler\u00e2ncia do \u00e2ngulo do feixe \u00b13\u00b0 (\u00e2ngulo inferior a 25\u00b0) ou \u00b15\u00b0 (\u00e2ngulo superior a 25\u00b0).<br \/>\n<br \/>\n5. Todos os dados foram obtidos \u00e0 temperatura ambiente de 25 \u2103.<\/td>\n<\/tr>\n<\/tbody>\n<\/table>\n\n\n\t<div id=\"gap-69532666\" class=\"gap-element clearfix\" style=\"display:block; height:auto;\">\n\t\t\n<style>\n#gap-69532666 {\n  padding-top: 80px;\n}\n<\/style>\n\t<\/div>\n\t\n\n\t<section class=\"section\" id=\"section_979924675\">\n\t\t<div class=\"section-bg fill\" >\n\t\t\t\t\t\t\t\t\t\n\t\t\t\n\n\t\t<\/div>\n\n\t\t\n\n\t\t<div class=\"section-content relative\">\n\t\t\t\n\t<div id=\"gap-1429253368\" class=\"gap-element clearfix\" style=\"display:block; height:auto;\">\n\t\t\n<style>\n#gap-1429253368 {\n  padding-top: 20px;\n}\n<\/style>\n\t<\/div>\n\t\n<div class=\"row align-middle align-center\"  id=\"row-507232837\">\n\n\t<div id=\"col-794047190\" class=\"col medium-9 small-12 large-9\"  >\n\t\t\t\t<div class=\"col-inner text-left\"  >\n\t\t\t\n\t\t\t\n\t<div id=\"text-2114772446\" class=\"text\">\n\t\t\n<h2 class=\"elementor-heading-title elementor-size-default\"><span style=\"color: #6cbb59;\">Vamos encontrar a melhor solu\u00e7\u00e3o para uma aplica\u00e7\u00e3o espec\u00edfica!<\/span><\/h2>\n<hr \/>\n<h2 class=\"elementor-heading-title elementor-size-default\">\u00a0<\/h2>\n\t\t\n<style>\n#text-2114772446 {\n  font-size: 0.75rem;\n  line-height: 0.75;\n  text-align: center;\n  color: rgb(108, 187, 90);\n}\n#text-2114772446 > * {\n  color: rgb(108, 187, 90);\n}\n<\/style>\n\t<\/div>\n\t\n\t\t<\/div>\n\t\t\t\t\n<style>\n#col-794047190 > .col-inner {\n  margin: 0px 0px -72px 0px;\n}\n<\/style>\n\t<\/div>\n\n\t\n\n\t<div id=\"col-249621029\" class=\"col medium-3 small-12 large-3\"  >\n\t\t\t\t<div class=\"col-inner\"  >\n\t\t\t\n\t\t\t\n<a class=\"button alert is-bevel box-shadow-3 box-shadow-5-hover popmake-3020\" style=\"border-radius:5px;\">\n\t\t<span>Falar com um especialista em ilumina\u00e7\u00e3o<\/span>\n\t<\/a>\n\n\t\t<\/div>\n\t\t\t\t\n<style>\n#col-249621029 > .col-inner {\n  margin: 0px 0px -35px 0px;\n}\n<\/style>\n\t<\/div>\n\n\t\n<\/div>\n\t\t<\/div>\n\n\t\t\n<style>\n#section_979924675 {\n  padding-top: 0px;\n  padding-bottom: 0px;\n  background-color: #e2f2df;\n}\n<\/style>\n\t<\/section>","protected":false},"excerpt":{"rendered":"<ul>\n<li>Nome do produto\uff1aFENNEL<\/li>\n<li>Tens\u00e3o de entrada: DC12V\/24V<\/li>\n<li>Pot\u00eancia\uff1a9W\/m 12W\/m<\/li>\n<li>LEDs QYT\uff1a480LEDs\/m<\/li>\n<li>Largura da placa de circuito impresso: 8 mm<\/li>\n<li>Tamanho do corte\uff1a86,66 mm<\/li>\n<\/ul>","protected":false},"featured_media":1806,"template":"","meta":{"_monsterinsights_skip_tracking":false,"_monsterinsights_sitenote_active":false,"_monsterinsights_sitenote_note":"","_monsterinsights_sitenote_category":0},"product_brand":[],"product_cat":[23],"product_tag":[],"class_list":{"0":"post-531","1":"product","2":"type-product","3":"status-publish","4":"has-post-thumbnail","6":"product_cat-cob-led-strip","8":"first","9":"instock","10":"shipping-taxable","11":"product-type-simple"},"yoast_head":"<!-- This site is optimized with the Yoast SEO plugin v26.9 - https:\/\/yoast.com\/product\/yoast-seo-wordpress\/ -->\n<title>COB LED Strip 480LEDs\/m 10MM PCB cut size 25mm\/50mm - miniledspotlight.com<\/title>\n<meta name=\"description\" content=\"Explore the FENNEL COB LED strip light , offering 12W\/m, DC12V\/24V input, 384 LEDs\/m, IP65\/IP66\/IP67\/IP68 waterproofing, and a 3-year warranty.\" \/>\n<meta name=\"robots\" content=\"index, follow, max-snippet:-1, max-image-preview:large, max-video-preview:-1\" \/>\n<link rel=\"canonical\" href=\"https:\/\/miniledspotlight.com\/pt\/produto\/single-color-flex-strips\/\" \/>\n<meta property=\"og:locale\" content=\"pt_PT\" \/>\n<meta property=\"og:type\" content=\"article\" \/>\n<meta property=\"og:title\" content=\"COB LED Strip 480LEDs\/m 10MM PCB cut size 25mm\/50mm - miniledspotlight.com\" \/>\n<meta property=\"og:description\" content=\"Explore the FENNEL COB LED strip light , offering 12W\/m, DC12V\/24V input, 384 LEDs\/m, IP65\/IP66\/IP67\/IP68 waterproofing, and a 3-year warranty.\" \/>\n<meta property=\"og:url\" content=\"https:\/\/miniledspotlight.com\/pt\/produto\/single-color-flex-strips\/\" \/>\n<meta property=\"og:site_name\" content=\"miniledspotlight.com\" \/>\n<meta property=\"article:publisher\" content=\"https:\/\/www.facebook.com\/profile.php?id=100091846026418\" \/>\n<meta property=\"article:modified_time\" content=\"2024-08-19T06:25:03+00:00\" \/>\n<meta property=\"og:image\" content=\"https:\/\/miniledspotlight.com\/wp-content\/uploads\/2024\/04\/1_\u753b\u677f-1-\u526f\u672c-scaled.webp\" \/>\n\t<meta property=\"og:image:width\" content=\"2560\" \/>\n\t<meta property=\"og:image:height\" content=\"2553\" \/>\n\t<meta property=\"og:image:type\" content=\"image\/webp\" \/>\n<meta name=\"twitter:card\" content=\"summary_large_image\" \/>\n<meta name=\"twitter:label1\" content=\"Tempo estimado de leitura\" \/>\n\t<meta name=\"twitter:data1\" content=\"1 minuto\" \/>\n<script type=\"application\/ld+json\" class=\"yoast-schema-graph\">{\"@context\":\"https:\/\/schema.org\",\"@graph\":[{\"@type\":\"WebPage\",\"@id\":\"https:\/\/miniledspotlight.com\/product\/single-color-flex-strips\/\",\"url\":\"https:\/\/miniledspotlight.com\/product\/single-color-flex-strips\/\",\"name\":\"COB LED Strip 480LEDs\/m 10MM PCB cut size 25mm\/50mm - miniledspotlight.com\",\"isPartOf\":{\"@id\":\"https:\/\/miniledspotlight.com\/#website\"},\"primaryImageOfPage\":{\"@id\":\"https:\/\/miniledspotlight.com\/product\/single-color-flex-strips\/#primaryimage\"},\"image\":{\"@id\":\"https:\/\/miniledspotlight.com\/product\/single-color-flex-strips\/#primaryimage\"},\"thumbnailUrl\":\"https:\/\/miniledspotlight.com\/wp-content\/uploads\/2024\/04\/1_\u753b\u677f-1-\u526f\u672c-scaled.webp\",\"datePublished\":\"2024-04-11T03:48:14+00:00\",\"dateModified\":\"2024-08-19T06:25:03+00:00\",\"description\":\"Explore the FENNEL COB LED strip light , offering 12W\/m, DC12V\/24V input, 384 LEDs\/m, IP65\/IP66\/IP67\/IP68 waterproofing, and a 3-year warranty.\",\"breadcrumb\":{\"@id\":\"https:\/\/miniledspotlight.com\/product\/single-color-flex-strips\/#breadcrumb\"},\"inLanguage\":\"pt-PT\",\"potentialAction\":[{\"@type\":\"ReadAction\",\"target\":[\"https:\/\/miniledspotlight.com\/product\/single-color-flex-strips\/\"]}]},{\"@type\":\"ImageObject\",\"inLanguage\":\"pt-PT\",\"@id\":\"https:\/\/miniledspotlight.com\/product\/single-color-flex-strips\/#primaryimage\",\"url\":\"https:\/\/miniledspotlight.com\/wp-content\/uploads\/2024\/04\/1_\u753b\u677f-1-\u526f\u672c-scaled.webp\",\"contentUrl\":\"https:\/\/miniledspotlight.com\/wp-content\/uploads\/2024\/04\/1_\u753b\u677f-1-\u526f\u672c-scaled.webp\",\"width\":2560,\"height\":2553},{\"@type\":\"BreadcrumbList\",\"@id\":\"https:\/\/miniledspotlight.com\/product\/single-color-flex-strips\/#breadcrumb\",\"itemListElement\":[{\"@type\":\"ListItem\",\"position\":1,\"name\":\"Home\",\"item\":\"https:\/\/miniledspotlight.com\/\"},{\"@type\":\"ListItem\",\"position\":2,\"name\":\"Products\",\"item\":\"https:\/\/miniledspotlight.com\/shop__trashed\/\"},{\"@type\":\"ListItem\",\"position\":3,\"name\":\"COB LED Strip 480LEDs\/m 10MM PCB cut size 25mm\/50mm\"}]},{\"@type\":\"WebSite\",\"@id\":\"https:\/\/miniledspotlight.com\/#website\",\"url\":\"https:\/\/miniledspotlight.com\/\",\"name\":\"miniledspotlight.com\",\"description\":\"mini LED spotlight manufacture\",\"publisher\":{\"@id\":\"https:\/\/miniledspotlight.com\/#organization\"},\"potentialAction\":[{\"@type\":\"SearchAction\",\"target\":{\"@type\":\"EntryPoint\",\"urlTemplate\":\"https:\/\/miniledspotlight.com\/?s={search_term_string}\"},\"query-input\":{\"@type\":\"PropertyValueSpecification\",\"valueRequired\":true,\"valueName\":\"search_term_string\"}}],\"inLanguage\":\"pt-PT\"},{\"@type\":\"Organization\",\"@id\":\"https:\/\/miniledspotlight.com\/#organization\",\"name\":\"miniledspotlight.com\",\"url\":\"https:\/\/miniledspotlight.com\/\",\"logo\":{\"@type\":\"ImageObject\",\"inLanguage\":\"pt-PT\",\"@id\":\"https:\/\/miniledspotlight.com\/#\/schema\/logo\/image\/\",\"url\":\"https:\/\/miniledspotlight.com\/wp-content\/uploads\/2024\/06\/cropped-logo512X512_\u753b\u677f-1-1.webp\",\"contentUrl\":\"https:\/\/miniledspotlight.com\/wp-content\/uploads\/2024\/06\/cropped-logo512X512_\u753b\u677f-1-1.webp\",\"width\":512,\"height\":512,\"caption\":\"miniledspotlight.com\"},\"image\":{\"@id\":\"https:\/\/miniledspotlight.com\/#\/schema\/logo\/image\/\"},\"sameAs\":[\"https:\/\/www.facebook.com\/profile.php?id=100091846026418\"]}]}<\/script>\n<!-- \/ Yoast SEO plugin. -->","yoast_head_json":{"title":"COB LED Strip 480LEDs\/m 10MM PCB cut size 25mm\/50mm - miniledspotlight.com","description":"Explore the FENNEL COB LED strip light , offering 12W\/m, DC12V\/24V input, 384 LEDs\/m, IP65\/IP66\/IP67\/IP68 waterproofing, and a 3-year warranty.","robots":{"index":"index","follow":"follow","max-snippet":"max-snippet:-1","max-image-preview":"max-image-preview:large","max-video-preview":"max-video-preview:-1"},"canonical":"https:\/\/miniledspotlight.com\/pt\/produto\/single-color-flex-strips\/","og_locale":"pt_PT","og_type":"article","og_title":"COB LED Strip 480LEDs\/m 10MM PCB cut size 25mm\/50mm - miniledspotlight.com","og_description":"Explore the FENNEL COB LED strip light , offering 12W\/m, DC12V\/24V input, 384 LEDs\/m, IP65\/IP66\/IP67\/IP68 waterproofing, and a 3-year warranty.","og_url":"https:\/\/miniledspotlight.com\/pt\/produto\/single-color-flex-strips\/","og_site_name":"miniledspotlight.com","article_publisher":"https:\/\/www.facebook.com\/profile.php?id=100091846026418","article_modified_time":"2024-08-19T06:25:03+00:00","og_image":[{"width":2560,"height":2553,"url":"https:\/\/miniledspotlight.com\/wp-content\/uploads\/2024\/04\/1_\u753b\u677f-1-\u526f\u672c-scaled.webp","type":"image\/webp"}],"twitter_card":"summary_large_image","twitter_misc":{"Tempo estimado de leitura":"1 minuto"},"schema":{"@context":"https:\/\/schema.org","@graph":[{"@type":"WebPage","@id":"https:\/\/miniledspotlight.com\/product\/single-color-flex-strips\/","url":"https:\/\/miniledspotlight.com\/product\/single-color-flex-strips\/","name":"COB LED Strip 480LEDs\/m 10MM PCB cut size 25mm\/50mm - miniledspotlight.com","isPartOf":{"@id":"https:\/\/miniledspotlight.com\/#website"},"primaryImageOfPage":{"@id":"https:\/\/miniledspotlight.com\/product\/single-color-flex-strips\/#primaryimage"},"image":{"@id":"https:\/\/miniledspotlight.com\/product\/single-color-flex-strips\/#primaryimage"},"thumbnailUrl":"https:\/\/miniledspotlight.com\/wp-content\/uploads\/2024\/04\/1_\u753b\u677f-1-\u526f\u672c-scaled.webp","datePublished":"2024-04-11T03:48:14+00:00","dateModified":"2024-08-19T06:25:03+00:00","description":"Explore the FENNEL COB LED strip light , offering 12W\/m, DC12V\/24V input, 384 LEDs\/m, IP65\/IP66\/IP67\/IP68 waterproofing, and a 3-year warranty.","breadcrumb":{"@id":"https:\/\/miniledspotlight.com\/product\/single-color-flex-strips\/#breadcrumb"},"inLanguage":"pt-PT","potentialAction":[{"@type":"ReadAction","target":["https:\/\/miniledspotlight.com\/product\/single-color-flex-strips\/"]}]},{"@type":"ImageObject","inLanguage":"pt-PT","@id":"https:\/\/miniledspotlight.com\/product\/single-color-flex-strips\/#primaryimage","url":"https:\/\/miniledspotlight.com\/wp-content\/uploads\/2024\/04\/1_\u753b\u677f-1-\u526f\u672c-scaled.webp","contentUrl":"https:\/\/miniledspotlight.com\/wp-content\/uploads\/2024\/04\/1_\u753b\u677f-1-\u526f\u672c-scaled.webp","width":2560,"height":2553},{"@type":"BreadcrumbList","@id":"https:\/\/miniledspotlight.com\/product\/single-color-flex-strips\/#breadcrumb","itemListElement":[{"@type":"ListItem","position":1,"name":"Home","item":"https:\/\/miniledspotlight.com\/"},{"@type":"ListItem","position":2,"name":"Products","item":"https:\/\/miniledspotlight.com\/shop__trashed\/"},{"@type":"ListItem","position":3,"name":"COB LED Strip 480LEDs\/m 10MM PCB cut size 25mm\/50mm"}]},{"@type":"WebSite","@id":"https:\/\/miniledspotlight.com\/#website","url":"https:\/\/miniledspotlight.com\/","name":"miniledspotlight.com","description":"fabrico de mini projectores LED","publisher":{"@id":"https:\/\/miniledspotlight.com\/#organization"},"potentialAction":[{"@type":"SearchAction","target":{"@type":"EntryPoint","urlTemplate":"https:\/\/miniledspotlight.com\/?s={search_term_string}"},"query-input":{"@type":"PropertyValueSpecification","valueRequired":true,"valueName":"search_term_string"}}],"inLanguage":"pt-PT"},{"@type":"Organization","@id":"https:\/\/miniledspotlight.com\/#organization","name":"miniledspotlight.com","url":"https:\/\/miniledspotlight.com\/","logo":{"@type":"ImageObject","inLanguage":"pt-PT","@id":"https:\/\/miniledspotlight.com\/#\/schema\/logo\/image\/","url":"https:\/\/miniledspotlight.com\/wp-content\/uploads\/2024\/06\/cropped-logo512X512_\u753b\u677f-1-1.webp","contentUrl":"https:\/\/miniledspotlight.com\/wp-content\/uploads\/2024\/06\/cropped-logo512X512_\u753b\u677f-1-1.webp","width":512,"height":512,"caption":"miniledspotlight.com"},"image":{"@id":"https:\/\/miniledspotlight.com\/#\/schema\/logo\/image\/"},"sameAs":["https:\/\/www.facebook.com\/profile.php?id=100091846026418"]}]}},"_links":{"self":[{"href":"https:\/\/miniledspotlight.com\/pt\/wp-json\/wp\/v2\/product\/531","targetHints":{"allow":["GET"]}}],"collection":[{"href":"https:\/\/miniledspotlight.com\/pt\/wp-json\/wp\/v2\/product"}],"about":[{"href":"https:\/\/miniledspotlight.com\/pt\/wp-json\/wp\/v2\/types\/product"}],"wp:featuredmedia":[{"embeddable":true,"href":"https:\/\/miniledspotlight.com\/pt\/wp-json\/wp\/v2\/media\/1806"}],"wp:attachment":[{"href":"https:\/\/miniledspotlight.com\/pt\/wp-json\/wp\/v2\/media?parent=531"}],"wp:term":[{"taxonomy":"product_brand","embeddable":true,"href":"https:\/\/miniledspotlight.com\/pt\/wp-json\/wp\/v2\/product_brand?post=531"},{"taxonomy":"product_cat","embeddable":true,"href":"https:\/\/miniledspotlight.com\/pt\/wp-json\/wp\/v2\/product_cat?post=531"},{"taxonomy":"product_tag","embeddable":true,"href":"https:\/\/miniledspotlight.com\/pt\/wp-json\/wp\/v2\/product_tag?post=531"}],"curies":[{"name":"wp","href":"https:\/\/api.w.org\/{rel}","templated":true}]}}