{"id":3,"date":"2024-03-22T19:52:20","date_gmt":"2024-03-22T11:52:20","guid":{"rendered":"http:\/\/miniledspotlight.com\/?page_id=3"},"modified":"2024-05-13T06:02:51","modified_gmt":"2024-05-13T06:02:51","slug":"privacy-policy","status":"publish","type":"page","link":"https:\/\/miniledspotlight.com\/pt\/privacy-policy\/","title":{"rendered":"Pol\u00edtica de privacidade"},"content":{"rendered":"<div class=\"row\"  id=\"row-418156913\">\n\n\t<div id=\"col-770305473\" class=\"col small-12 large-12\"  >\n\t\t\t\t<div class=\"col-inner\"  >\n\t\t\t\n\t\t\t\n<div class=\"row align-center\"  id=\"row-1355596534\">\n\n\t<div id=\"col-1942151941\" class=\"col medium-10 small-12 large-10\"  >\n\t\t\t\t<div class=\"col-inner\"  >\n\t\t\t\n\t\t\t\n\t<div id=\"text-1506544485\" class=\"text\">\n\t\t\n<h1><span style=\"color: #50b848;\"><strong><b>Pol\u00edtica de privacidade<\/b><\/strong><\/span><\/h1>\n<hr \/>\n<p><span style=\"color: #282828;\">Bem-vindo ao s\u00edtio Web da empresa VLED. Esta Pol\u00edtica de Privacidade explica como recolhemos, utilizamos, divulgamos e protegemos as suas informa\u00e7\u00f5es pessoais. Leia atentamente esta Pol\u00edtica de Privacidade antes de utilizar o nosso s\u00edtio Web.<\/span><\/p>\n<p><span style=\"color: #50b848;\"><strong><b>1.<\/b><\/strong><\/span>Recolha de informa\u00e7\u00f5es<br \/><span style=\"color: #282828;\">A empresa VLED recolhe as informa\u00e7\u00f5es pessoais que o utilizador fornece voluntariamente, como o seu nome, endere\u00e7o de correio eletr\u00f3nico, informa\u00e7\u00f5es de contacto, etc. Tamb\u00e9m podemos recolher informa\u00e7\u00f5es n\u00e3o pessoalmente identific\u00e1veis relacionadas com as suas visitas, tais como a data e a hora da sua visita, o tipo de browser, o sistema operativo, etc.<\/span><\/p>\n<p><span style=\"color: #50b848;\"><strong><b>2.<\/b><\/strong>Utiliza\u00e7\u00e3o das informa\u00e7\u00f5es<\/span><br \/><span style=\"color: #282828;\">As informa\u00e7\u00f5es pessoais que recolhemos s\u00e3o utilizadas para os seguintes fins:<\/span><\/p>\n<ul>\n<li><span style=\"color: #282828;\">Processar as suas consultas e pedidos;<\/span><\/li>\n<li><span style=\"color: #282828;\">Fornecer ao utilizador os produtos ou servi\u00e7os solicitados;<\/span><\/li>\n<li><span style=\"color: #282828;\">Melhorar o nosso s\u00edtio Web e os nossos servi\u00e7os;<\/span><\/li>\n<li><span style=\"color: #282828;\">Envio de informa\u00e7\u00f5es de marketing para o manter informado sobre os nossos produtos e servi\u00e7os.<\/span><\/li>\n<\/ul>\n<p><span style=\"color: #282828;\">N\u00e3o vendemos nem transferimos as suas informa\u00e7\u00f5es pessoais a terceiros, exceto com o seu consentimento expl\u00edcito ou conforme exigido pela legisla\u00e7\u00e3o aplic\u00e1vel.<\/span><\/p>\n<p><strong><b>3.<\/b><\/strong>Divulga\u00e7\u00e3o de informa\u00e7\u00f5es<br \/><span style=\"color: #282828;\">Podemos divulgar as suas informa\u00e7\u00f5es pessoais apenas nas seguintes circunst\u00e2ncias:<\/span><\/p>\n<ul>\n<li><span style=\"color: #282828;\">Quando exigido por lei, como resposta a ordens judiciais, processos legais, etc.<\/span><\/li>\n<li><span style=\"color: #282828;\">Quando necess\u00e1rio para proteger os nossos direitos ou propriedade<\/span><\/li>\n<li><span style=\"color: #282828;\">No caso de uma transa\u00e7\u00e3o comercial, como fus\u00f5es, aquisi\u00e7\u00f5es ou vendas de activos<\/span><\/li>\n<\/ul>\n<p>4. seguran\u00e7a da informa\u00e7\u00e3o<br \/><span style=\"color: #282828;\">Tomamos medidas de seguran\u00e7a razo\u00e1veis para impedir o acesso, a utiliza\u00e7\u00e3o ou a divulga\u00e7\u00e3o n\u00e3o autorizados das suas informa\u00e7\u00f5es pessoais. No entanto, tenha em aten\u00e7\u00e3o que a transmiss\u00e3o de dados atrav\u00e9s da Internet n\u00e3o \u00e9 totalmente segura e n\u00e3o podemos garantir a seguran\u00e7a das informa\u00e7\u00f5es que nos transmite atrav\u00e9s da Internet.<\/span><\/p>\n<p><strong><b>5.<\/b><\/strong>Tecnologia de cookies<br \/><span style=\"color: #282828;\">O nosso s\u00edtio Web pode utilizar a tecnologia de cookies para proporcionar uma melhor experi\u00eancia ao utilizador e recolher determinadas informa\u00e7\u00f5es de acesso padr\u00e3o. O utilizador pode gerir<\/span>\u00a0biscoitos<span style=\"color: #282828;\"> com base nas prefer\u00eancias do seu browser.<\/span><\/p>\n<p><strong><b>6.<\/b><\/strong>Liga\u00e7\u00f5es de terceiros<br \/><span style=\"color: #282828;\">O nosso s\u00edtio Web pode conter liga\u00e7\u00f5es a outros s\u00edtios Web com pol\u00edticas de privacidade e condi\u00e7\u00f5es de utiliza\u00e7\u00e3o diferentes. Leia as pol\u00edticas de privacidade e as condi\u00e7\u00f5es de utiliza\u00e7\u00e3o nos s\u00edtios Web ligados.<\/span><\/p>\n<p><strong><b>7.<\/b><\/strong>Lei aplic\u00e1vel e resolu\u00e7\u00e3o de lit\u00edgios<br \/><span style=\"color: #282828;\">A presente Pol\u00edtica de Privacidade rege-se pela legisla\u00e7\u00e3o chinesa. Quaisquer lit\u00edgios decorrentes ou relacionados com a presente Pol\u00edtica de Privacidade ser\u00e3o submetidos \u00e0 jurisdi\u00e7\u00e3o do tribunal competente.<\/span><\/p>\n<p><span style=\"color: #282828;\">Se tiver alguma d\u00favida ou preocupa\u00e7\u00e3o relativamente \u00e0 nossa Pol\u00edtica de Privacidade, por favor\u00a0<strong><span style=\"color: #50b848;\"><a style=\"color: #50b848;\" href=\"https:\/\/miniledspotlight.com\/pt\/contact-us\/\">contactar-nos<\/a>.<\/span><\/strong><\/span><\/p>\n<p><span style=\"color: #282828;\">Note-se que a tradu\u00e7\u00e3o acima \u00e9 fornecida para refer\u00eancia e que poder\u00e1 ser necess\u00e1rio modificar e adaptar a pol\u00edtica de privacidade e os termos de servi\u00e7o com base nos requisitos espec\u00edficos da empresa VLED.<\/span><\/p>\n\t\t\n<style>\n#text-1506544485 {\n  color: #6fbc5f;\n}\n#text-1506544485 > * {\n  color: #6fbc5f;\n}\n<\/style>\n\t<\/div>\n\t\n\t\t<\/div>\n\t\t\t\t\t<\/div>\n\n\t\n<\/div>\n\t\t<\/div>\n\t\t\t\t\t<\/div>\n\n\t\n<\/div>","protected":false},"excerpt":{"rendered":"","protected":false},"author":1,"featured_media":0,"parent":0,"menu_order":0,"comment_status":"closed","ping_status":"open","template":"","meta":{"_monsterinsights_skip_tracking":false,"_monsterinsights_sitenote_active":false,"_monsterinsights_sitenote_note":"","_monsterinsights_sitenote_category":0,"footnotes":""},"class_list":["post-3","page","type-page","status-publish","hentry"],"yoast_head":"<!-- This site is optimized with the Yoast SEO plugin v26.9 - https:\/\/yoast.com\/product\/yoast-seo-wordpress\/ -->\n<title>Privacy Policy - miniledspotlight.com<\/title>\n<meta name=\"robots\" content=\"index, follow, max-snippet:-1, max-image-preview:large, max-video-preview:-1\" \/>\n<link rel=\"canonical\" href=\"https:\/\/miniledspotlight.com\/pt\/privacy-policy\/\" \/>\n<meta property=\"og:locale\" content=\"pt_PT\" \/>\n<meta property=\"og:type\" content=\"article\" \/>\n<meta property=\"og:title\" content=\"Privacy Policy - miniledspotlight.com\" \/>\n<meta property=\"og:url\" content=\"https:\/\/miniledspotlight.com\/pt\/privacy-policy\/\" \/>\n<meta property=\"og:site_name\" content=\"miniledspotlight.com\" \/>\n<meta property=\"article:publisher\" content=\"https:\/\/www.facebook.com\/profile.php?id=100091846026418\" \/>\n<meta property=\"article:modified_time\" content=\"2024-05-13T06:02:51+00:00\" \/>\n<meta property=\"og:image\" content=\"https:\/\/miniledspotlight.com\/wp-content\/uploads\/2024\/08\/\u5957\u88c5\u7ec4\u5408\u56fe\u65b01.jpg\" \/>\n\t<meta property=\"og:image:width\" content=\"1200\" \/>\n\t<meta property=\"og:image:height\" content=\"628\" \/>\n\t<meta property=\"og:image:type\" content=\"image\/jpeg\" \/>\n<meta name=\"twitter:card\" content=\"summary_large_image\" \/>\n<meta name=\"twitter:label1\" content=\"Tempo estimado de leitura\" \/>\n\t<meta name=\"twitter:data1\" content=\"1 minuto\" \/>\n<script type=\"application\/ld+json\" class=\"yoast-schema-graph\">{\"@context\":\"https:\/\/schema.org\",\"@graph\":[{\"@type\":\"WebPage\",\"@id\":\"https:\/\/miniledspotlight.com\/privacy-policy\/\",\"url\":\"https:\/\/miniledspotlight.com\/privacy-policy\/\",\"name\":\"Privacy Policy - miniledspotlight.com\",\"isPartOf\":{\"@id\":\"https:\/\/miniledspotlight.com\/#website\"},\"datePublished\":\"2024-03-22T11:52:20+00:00\",\"dateModified\":\"2024-05-13T06:02:51+00:00\",\"breadcrumb\":{\"@id\":\"https:\/\/miniledspotlight.com\/privacy-policy\/#breadcrumb\"},\"inLanguage\":\"pt-PT\",\"potentialAction\":[{\"@type\":\"ReadAction\",\"target\":[\"https:\/\/miniledspotlight.com\/privacy-policy\/\"]}]},{\"@type\":\"BreadcrumbList\",\"@id\":\"https:\/\/miniledspotlight.com\/privacy-policy\/#breadcrumb\",\"itemListElement\":[{\"@type\":\"ListItem\",\"position\":1,\"name\":\"Home\",\"item\":\"https:\/\/miniledspotlight.com\/\"},{\"@type\":\"ListItem\",\"position\":2,\"name\":\"Privacy Policy\"}]},{\"@type\":\"WebSite\",\"@id\":\"https:\/\/miniledspotlight.com\/#website\",\"url\":\"https:\/\/miniledspotlight.com\/\",\"name\":\"miniledspotlight.com\",\"description\":\"mini LED spotlight manufacture\",\"publisher\":{\"@id\":\"https:\/\/miniledspotlight.com\/#organization\"},\"potentialAction\":[{\"@type\":\"SearchAction\",\"target\":{\"@type\":\"EntryPoint\",\"urlTemplate\":\"https:\/\/miniledspotlight.com\/?s={search_term_string}\"},\"query-input\":{\"@type\":\"PropertyValueSpecification\",\"valueRequired\":true,\"valueName\":\"search_term_string\"}}],\"inLanguage\":\"pt-PT\"},{\"@type\":\"Organization\",\"@id\":\"https:\/\/miniledspotlight.com\/#organization\",\"name\":\"miniledspotlight.com\",\"url\":\"https:\/\/miniledspotlight.com\/\",\"logo\":{\"@type\":\"ImageObject\",\"inLanguage\":\"pt-PT\",\"@id\":\"https:\/\/miniledspotlight.com\/#\/schema\/logo\/image\/\",\"url\":\"https:\/\/miniledspotlight.com\/wp-content\/uploads\/2024\/06\/cropped-logo512X512_\u753b\u677f-1-1.webp\",\"contentUrl\":\"https:\/\/miniledspotlight.com\/wp-content\/uploads\/2024\/06\/cropped-logo512X512_\u753b\u677f-1-1.webp\",\"width\":512,\"height\":512,\"caption\":\"miniledspotlight.com\"},\"image\":{\"@id\":\"https:\/\/miniledspotlight.com\/#\/schema\/logo\/image\/\"},\"sameAs\":[\"https:\/\/www.facebook.com\/profile.php?id=100091846026418\"]}]}<\/script>\n<!-- \/ Yoast SEO plugin. -->","yoast_head_json":{"title":"Privacy Policy - miniledspotlight.com","robots":{"index":"index","follow":"follow","max-snippet":"max-snippet:-1","max-image-preview":"max-image-preview:large","max-video-preview":"max-video-preview:-1"},"canonical":"https:\/\/miniledspotlight.com\/pt\/privacy-policy\/","og_locale":"pt_PT","og_type":"article","og_title":"Privacy Policy - miniledspotlight.com","og_url":"https:\/\/miniledspotlight.com\/pt\/privacy-policy\/","og_site_name":"miniledspotlight.com","article_publisher":"https:\/\/www.facebook.com\/profile.php?id=100091846026418","article_modified_time":"2024-05-13T06:02:51+00:00","og_image":[{"width":1200,"height":628,"url":"https:\/\/miniledspotlight.com\/wp-content\/uploads\/2024\/08\/\u5957\u88c5\u7ec4\u5408\u56fe\u65b01.jpg","type":"image\/jpeg"}],"twitter_card":"summary_large_image","twitter_misc":{"Tempo estimado de leitura":"1 minuto"},"schema":{"@context":"https:\/\/schema.org","@graph":[{"@type":"WebPage","@id":"https:\/\/miniledspotlight.com\/privacy-policy\/","url":"https:\/\/miniledspotlight.com\/privacy-policy\/","name":"Privacy Policy - miniledspotlight.com","isPartOf":{"@id":"https:\/\/miniledspotlight.com\/#website"},"datePublished":"2024-03-22T11:52:20+00:00","dateModified":"2024-05-13T06:02:51+00:00","breadcrumb":{"@id":"https:\/\/miniledspotlight.com\/privacy-policy\/#breadcrumb"},"inLanguage":"pt-PT","potentialAction":[{"@type":"ReadAction","target":["https:\/\/miniledspotlight.com\/privacy-policy\/"]}]},{"@type":"BreadcrumbList","@id":"https:\/\/miniledspotlight.com\/privacy-policy\/#breadcrumb","itemListElement":[{"@type":"ListItem","position":1,"name":"Home","item":"https:\/\/miniledspotlight.com\/"},{"@type":"ListItem","position":2,"name":"Privacy Policy"}]},{"@type":"WebSite","@id":"https:\/\/miniledspotlight.com\/#website","url":"https:\/\/miniledspotlight.com\/","name":"miniledspotlight.com","description":"fabrico de mini projectores LED","publisher":{"@id":"https:\/\/miniledspotlight.com\/#organization"},"potentialAction":[{"@type":"SearchAction","target":{"@type":"EntryPoint","urlTemplate":"https:\/\/miniledspotlight.com\/?s={search_term_string}"},"query-input":{"@type":"PropertyValueSpecification","valueRequired":true,"valueName":"search_term_string"}}],"inLanguage":"pt-PT"},{"@type":"Organization","@id":"https:\/\/miniledspotlight.com\/#organization","name":"miniledspotlight.com","url":"https:\/\/miniledspotlight.com\/","logo":{"@type":"ImageObject","inLanguage":"pt-PT","@id":"https:\/\/miniledspotlight.com\/#\/schema\/logo\/image\/","url":"https:\/\/miniledspotlight.com\/wp-content\/uploads\/2024\/06\/cropped-logo512X512_\u753b\u677f-1-1.webp","contentUrl":"https:\/\/miniledspotlight.com\/wp-content\/uploads\/2024\/06\/cropped-logo512X512_\u753b\u677f-1-1.webp","width":512,"height":512,"caption":"miniledspotlight.com"},"image":{"@id":"https:\/\/miniledspotlight.com\/#\/schema\/logo\/image\/"},"sameAs":["https:\/\/www.facebook.com\/profile.php?id=100091846026418"]}]}},"_links":{"self":[{"href":"https:\/\/miniledspotlight.com\/pt\/wp-json\/wp\/v2\/pages\/3","targetHints":{"allow":["GET"]}}],"collection":[{"href":"https:\/\/miniledspotlight.com\/pt\/wp-json\/wp\/v2\/pages"}],"about":[{"href":"https:\/\/miniledspotlight.com\/pt\/wp-json\/wp\/v2\/types\/page"}],"author":[{"embeddable":true,"href":"https:\/\/miniledspotlight.com\/pt\/wp-json\/wp\/v2\/users\/1"}],"replies":[{"embeddable":true,"href":"https:\/\/miniledspotlight.com\/pt\/wp-json\/wp\/v2\/comments?post=3"}],"version-history":[{"count":2,"href":"https:\/\/miniledspotlight.com\/pt\/wp-json\/wp\/v2\/pages\/3\/revisions"}],"predecessor-version":[{"id":1288,"href":"https:\/\/miniledspotlight.com\/pt\/wp-json\/wp\/v2\/pages\/3\/revisions\/1288"}],"wp:attachment":[{"href":"https:\/\/miniledspotlight.com\/pt\/wp-json\/wp\/v2\/media?parent=3"}],"curies":[{"name":"wp","href":"https:\/\/api.w.org\/{rel}","templated":true}]}}