{"id":1289,"date":"2024-05-13T06:10:03","date_gmt":"2024-05-13T06:10:03","guid":{"rendered":"https:\/\/miniledspotlight.com\/?page_id=1289"},"modified":"2024-05-13T06:16:12","modified_gmt":"2024-05-13T06:16:12","slug":"terms-of-service","status":"publish","type":"page","link":"https:\/\/miniledspotlight.com\/it\/terms-of-service\/","title":{"rendered":"Termini di servizio"},"content":{"rendered":"<div class=\"row\"  id=\"row-1067800971\">\n\n\t<div id=\"col-101694827\" class=\"col small-12 large-12\"  >\n\t\t\t\t<div class=\"col-inner\"  >\n\t\t\t\n\t\t\t\n<div class=\"row align-center\"  id=\"row-219777397\">\n\n\t<div id=\"col-493544016\" class=\"col medium-9 small-12 large-9\"  >\n\t\t\t\t<div class=\"col-inner\"  >\n\t\t\t\n\t\t\t\n\t<div id=\"text-531741656\" class=\"text\">\n\t\t\n<h1 style=\"text-align: left;\"><span style=\"color: #50b848;\"><strong><b>Termini di servizio<\/b><\/strong><\/span><\/h1>\n<hr \/>\n<p style=\"text-align: left;\"><span style=\"color: #282828;\">Benvenuti nel sito web della societ\u00e0 VLED. Si prega di leggere attentamente i seguenti termini di servizio prima di utilizzare il nostro sito web. Utilizzando il nostro sito web, l'utente accetta questi termini.<\/span><\/p>\n<p><b><\/b><strong>1.<\/strong>Diritti di propriet\u00e0 intellettuale<br \/><span style=\"color: #282828;\">VLEDcompany detiene tutti i diritti di propriet\u00e0 intellettuale di questo sito web, compresi, ma non solo, i testi, le immagini, i loghi, i marchi, i diritti d'autore e cos\u00ec via. \u00c8 severamente vietato copiare, modificare, diffondere o utilizzare qualsiasi contenuto del sito web senza il nostro permesso scritto.<\/span><\/p>\n<p><span style=\"color: #50b848; font-size: 14.4px;\"><strong>2.<\/strong>Comportamento dell'utente<\/span><\/p>\n<p style=\"text-align: left;\"><span style=\"color: #282828;\">Utilizzando il nostro sito web, l'utente accetta di:<\/span><\/p>\n<ul style=\"text-align: left;\">\n<li><span style=\"color: #282828;\">Non pubblicare intenzionalmente informazioni false, fuorvianti o dannose; non ottenere illegalmente informazioni personali di altri utenti;<\/span><\/li>\n<li><span style=\"color: #282828;\">Non interferire o interrompere il normale funzionamento del nostro sito web;<\/span><\/li>\n<li><span style=\"color: #282828;\">Non violare i diritti di propriet\u00e0 intellettuale o altri diritti di altri.<\/span><\/li>\n<\/ul>\n<p style=\"text-align: left;\"><strong><b>3.<\/b><\/strong>Dichiarazione di non responsabilit\u00e0<br \/><span style=\"color: #282828;\">Le informazioni contenute in questo sito web sono solo di riferimento e non siamo responsabili di eventuali perdite o danni diretti o indiretti causati dall'utilizzo di questo sito web. Non siamo responsabili del contenuto di altri siti web.<\/span><\/p>\n<p style=\"text-align: left;\"><strong><b>4<span style=\"color: #50b848;\">.<\/span><\/b><\/strong><span style=\"color: #50b848;\">Legge applicabile e risoluzione delle controversie<\/span><br \/><span style=\"color: #282828;\">I presenti termini di servizio sono disciplinati dalla legge cinese. Qualsiasi controversia relativa ai presenti termini di servizio sar\u00e0 soggetta alla giurisdizione dei tribunali competenti.<\/span><\/p>\n<p style=\"text-align: left;\"><strong><b>5.<\/b><\/strong>Modifiche al servizio<br \/><span style=\"color: #282828;\">Ci riserviamo il diritto di modificare o sospendere questo sito web in qualsiasi momento, compresa, ma non solo, la modifica di qualsiasi servizio, funzione, caratteristica o contenuto. Potremmo informare l'utente di tali modifiche attraverso questo sito web o via e-mail.<\/span><\/p>\n<p style=\"text-align: left;\"><strong><b>6.<\/b><\/strong>Informativa sulla privacy<br \/><span style=\"color: #282828;\">La nostra politica sulla privacy spiega come raccogliamo, utilizziamo e divulghiamo i vostri dati personali. Si prega di leggere attentamente la nostra politica sulla privacy prima di utilizzare il nostro sito web.<\/span><\/p>\n<p style=\"text-align: left;\"><strong><b>7.<\/b><\/strong>Altri termini<br \/><span style=\"color: #282828;\">Se una qualsiasi parte dei presenti termini di servizio \u00e8 ritenuta non valida o inapplicabile, sar\u00e0 considerata separata dal resto dei termini e non pregiudicher\u00e0 la validit\u00e0 e l'applicabilit\u00e0 delle restanti disposizioni.<\/span><\/p>\n<p style=\"text-align: left;\"><strong><b>8.<\/b><\/strong>Contatto<br \/><span style=\"color: #282828;\">In caso di domande o commenti su questi termini di servizio, si prega di<span style=\"color: #50b848;\">\u00a0<a style=\"color: #50b848;\" href=\"https:\/\/miniledspotlight.com\/it\/contact-us\/\">contattateci<\/a>.<\/span><\/span><\/p>\n\t\t\n<style>\n#text-531741656 {\n  color: rgb(111, 188, 95);\n}\n#text-531741656 > * {\n  color: rgb(111, 188, 95);\n}\n<\/style>\n\t<\/div>\n\t\n\t\t<\/div>\n\t\t\t\t\t<\/div>\n\n\t\n<\/div>\n\t\t<\/div>\n\t\t\t\t\t<\/div>\n\n\t\n<\/div>","protected":false},"excerpt":{"rendered":"","protected":false},"author":1,"featured_media":0,"parent":0,"menu_order":0,"comment_status":"closed","ping_status":"closed","template":"","meta":{"_monsterinsights_skip_tracking":false,"_monsterinsights_sitenote_active":false,"_monsterinsights_sitenote_note":"","_monsterinsights_sitenote_category":0,"footnotes":""},"class_list":["post-1289","page","type-page","status-publish","hentry"],"yoast_head":"<!-- This site is optimized with the Yoast SEO plugin v26.9 - https:\/\/yoast.com\/product\/yoast-seo-wordpress\/ -->\n<title>Terms of Service - miniledspotlight.com<\/title>\n<meta name=\"robots\" content=\"index, follow, max-snippet:-1, max-image-preview:large, max-video-preview:-1\" \/>\n<link rel=\"canonical\" href=\"https:\/\/miniledspotlight.com\/it\/terms-of-service\/\" \/>\n<meta property=\"og:locale\" content=\"it_IT\" \/>\n<meta property=\"og:type\" content=\"article\" \/>\n<meta property=\"og:title\" content=\"Terms of Service - miniledspotlight.com\" \/>\n<meta property=\"og:url\" content=\"https:\/\/miniledspotlight.com\/it\/terms-of-service\/\" \/>\n<meta property=\"og:site_name\" content=\"miniledspotlight.com\" \/>\n<meta property=\"article:publisher\" content=\"https:\/\/www.facebook.com\/profile.php?id=100091846026418\" \/>\n<meta property=\"article:modified_time\" content=\"2024-05-13T06:16:12+00:00\" \/>\n<meta property=\"og:image\" content=\"https:\/\/miniledspotlight.com\/wp-content\/uploads\/2024\/08\/\u5957\u88c5\u7ec4\u5408\u56fe\u65b01.jpg\" \/>\n\t<meta property=\"og:image:width\" content=\"1200\" \/>\n\t<meta property=\"og:image:height\" content=\"628\" \/>\n\t<meta property=\"og:image:type\" content=\"image\/jpeg\" \/>\n<meta name=\"twitter:card\" content=\"summary_large_image\" \/>\n<script type=\"application\/ld+json\" class=\"yoast-schema-graph\">{\"@context\":\"https:\/\/schema.org\",\"@graph\":[{\"@type\":\"WebPage\",\"@id\":\"https:\/\/miniledspotlight.com\/terms-of-service\/\",\"url\":\"https:\/\/miniledspotlight.com\/terms-of-service\/\",\"name\":\"Terms of Service - miniledspotlight.com\",\"isPartOf\":{\"@id\":\"https:\/\/miniledspotlight.com\/#website\"},\"datePublished\":\"2024-05-13T06:10:03+00:00\",\"dateModified\":\"2024-05-13T06:16:12+00:00\",\"breadcrumb\":{\"@id\":\"https:\/\/miniledspotlight.com\/terms-of-service\/#breadcrumb\"},\"inLanguage\":\"it-IT\",\"potentialAction\":[{\"@type\":\"ReadAction\",\"target\":[\"https:\/\/miniledspotlight.com\/terms-of-service\/\"]}]},{\"@type\":\"BreadcrumbList\",\"@id\":\"https:\/\/miniledspotlight.com\/terms-of-service\/#breadcrumb\",\"itemListElement\":[{\"@type\":\"ListItem\",\"position\":1,\"name\":\"Home\",\"item\":\"https:\/\/miniledspotlight.com\/\"},{\"@type\":\"ListItem\",\"position\":2,\"name\":\"Terms of Service\"}]},{\"@type\":\"WebSite\",\"@id\":\"https:\/\/miniledspotlight.com\/#website\",\"url\":\"https:\/\/miniledspotlight.com\/\",\"name\":\"miniledspotlight.com\",\"description\":\"mini LED spotlight manufacture\",\"publisher\":{\"@id\":\"https:\/\/miniledspotlight.com\/#organization\"},\"potentialAction\":[{\"@type\":\"SearchAction\",\"target\":{\"@type\":\"EntryPoint\",\"urlTemplate\":\"https:\/\/miniledspotlight.com\/?s={search_term_string}\"},\"query-input\":{\"@type\":\"PropertyValueSpecification\",\"valueRequired\":true,\"valueName\":\"search_term_string\"}}],\"inLanguage\":\"it-IT\"},{\"@type\":\"Organization\",\"@id\":\"https:\/\/miniledspotlight.com\/#organization\",\"name\":\"miniledspotlight.com\",\"url\":\"https:\/\/miniledspotlight.com\/\",\"logo\":{\"@type\":\"ImageObject\",\"inLanguage\":\"it-IT\",\"@id\":\"https:\/\/miniledspotlight.com\/#\/schema\/logo\/image\/\",\"url\":\"https:\/\/miniledspotlight.com\/wp-content\/uploads\/2024\/06\/cropped-logo512X512_\u753b\u677f-1-1.webp\",\"contentUrl\":\"https:\/\/miniledspotlight.com\/wp-content\/uploads\/2024\/06\/cropped-logo512X512_\u753b\u677f-1-1.webp\",\"width\":512,\"height\":512,\"caption\":\"miniledspotlight.com\"},\"image\":{\"@id\":\"https:\/\/miniledspotlight.com\/#\/schema\/logo\/image\/\"},\"sameAs\":[\"https:\/\/www.facebook.com\/profile.php?id=100091846026418\"]}]}<\/script>\n<!-- \/ Yoast SEO plugin. -->","yoast_head_json":{"title":"Terms of Service - miniledspotlight.com","robots":{"index":"index","follow":"follow","max-snippet":"max-snippet:-1","max-image-preview":"max-image-preview:large","max-video-preview":"max-video-preview:-1"},"canonical":"https:\/\/miniledspotlight.com\/it\/terms-of-service\/","og_locale":"it_IT","og_type":"article","og_title":"Terms of Service - miniledspotlight.com","og_url":"https:\/\/miniledspotlight.com\/it\/terms-of-service\/","og_site_name":"miniledspotlight.com","article_publisher":"https:\/\/www.facebook.com\/profile.php?id=100091846026418","article_modified_time":"2024-05-13T06:16:12+00:00","og_image":[{"width":1200,"height":628,"url":"https:\/\/miniledspotlight.com\/wp-content\/uploads\/2024\/08\/\u5957\u88c5\u7ec4\u5408\u56fe\u65b01.jpg","type":"image\/jpeg"}],"twitter_card":"summary_large_image","schema":{"@context":"https:\/\/schema.org","@graph":[{"@type":"WebPage","@id":"https:\/\/miniledspotlight.com\/terms-of-service\/","url":"https:\/\/miniledspotlight.com\/terms-of-service\/","name":"Terms of Service - miniledspotlight.com","isPartOf":{"@id":"https:\/\/miniledspotlight.com\/#website"},"datePublished":"2024-05-13T06:10:03+00:00","dateModified":"2024-05-13T06:16:12+00:00","breadcrumb":{"@id":"https:\/\/miniledspotlight.com\/terms-of-service\/#breadcrumb"},"inLanguage":"it-IT","potentialAction":[{"@type":"ReadAction","target":["https:\/\/miniledspotlight.com\/terms-of-service\/"]}]},{"@type":"BreadcrumbList","@id":"https:\/\/miniledspotlight.com\/terms-of-service\/#breadcrumb","itemListElement":[{"@type":"ListItem","position":1,"name":"Home","item":"https:\/\/miniledspotlight.com\/"},{"@type":"ListItem","position":2,"name":"Terms of Service"}]},{"@type":"WebSite","@id":"https:\/\/miniledspotlight.com\/#website","url":"https:\/\/miniledspotlight.com\/","name":"miniledspotlight.com","description":"produzione di mini faretti LED","publisher":{"@id":"https:\/\/miniledspotlight.com\/#organization"},"potentialAction":[{"@type":"SearchAction","target":{"@type":"EntryPoint","urlTemplate":"https:\/\/miniledspotlight.com\/?s={search_term_string}"},"query-input":{"@type":"PropertyValueSpecification","valueRequired":true,"valueName":"search_term_string"}}],"inLanguage":"it-IT"},{"@type":"Organization","@id":"https:\/\/miniledspotlight.com\/#organization","name":"miniledspotlight.com","url":"https:\/\/miniledspotlight.com\/","logo":{"@type":"ImageObject","inLanguage":"it-IT","@id":"https:\/\/miniledspotlight.com\/#\/schema\/logo\/image\/","url":"https:\/\/miniledspotlight.com\/wp-content\/uploads\/2024\/06\/cropped-logo512X512_\u753b\u677f-1-1.webp","contentUrl":"https:\/\/miniledspotlight.com\/wp-content\/uploads\/2024\/06\/cropped-logo512X512_\u753b\u677f-1-1.webp","width":512,"height":512,"caption":"miniledspotlight.com"},"image":{"@id":"https:\/\/miniledspotlight.com\/#\/schema\/logo\/image\/"},"sameAs":["https:\/\/www.facebook.com\/profile.php?id=100091846026418"]}]}},"_links":{"self":[{"href":"https:\/\/miniledspotlight.com\/it\/wp-json\/wp\/v2\/pages\/1289","targetHints":{"allow":["GET"]}}],"collection":[{"href":"https:\/\/miniledspotlight.com\/it\/wp-json\/wp\/v2\/pages"}],"about":[{"href":"https:\/\/miniledspotlight.com\/it\/wp-json\/wp\/v2\/types\/page"}],"author":[{"embeddable":true,"href":"https:\/\/miniledspotlight.com\/it\/wp-json\/wp\/v2\/users\/1"}],"replies":[{"embeddable":true,"href":"https:\/\/miniledspotlight.com\/it\/wp-json\/wp\/v2\/comments?post=1289"}],"version-history":[{"count":2,"href":"https:\/\/miniledspotlight.com\/it\/wp-json\/wp\/v2\/pages\/1289\/revisions"}],"predecessor-version":[{"id":1291,"href":"https:\/\/miniledspotlight.com\/it\/wp-json\/wp\/v2\/pages\/1289\/revisions\/1291"}],"wp:attachment":[{"href":"https:\/\/miniledspotlight.com\/it\/wp-json\/wp\/v2\/media?parent=1289"}],"curies":[{"name":"wp","href":"https:\/\/api.w.org\/{rel}","templated":true}]}}