{"id":532,"date":"2024-04-11T03:50:35","date_gmt":"2024-04-11T03:50:35","guid":{"rendered":"https:\/\/miniledspotlight.com\/?post_type=product&#038;p=532"},"modified":"2024-08-19T06:25:34","modified_gmt":"2024-08-19T06:25:34","slug":"multicolor-flex-strips","status":"publish","type":"product","link":"https:\/\/miniledspotlight.com\/fr\/produit\/multicolor-flex-strips\/","title":{"rendered":"Bande LED COB 480LEDs\/m 10MM PCB cut size 25mm\/50mm"},"content":{"rendered":"<table id=\"tablepress-41\" class=\"tablepress tablepress-id-41 tbody-has-connected-cells\">\n<thead>\n<tr class=\"row-1\">\n\t<th class=\"column-1\">Sp\u00e9cifications<\/th><th class=\"column-2\">S\u00e9rie de produits\uff1a<\/th><th class=\"column-3\">Bande LED COB<\/th>\n<\/tr>\n<\/thead>\n<tbody class=\"row-striping row-hover\">\n<tr class=\"row-2\">\n\t<td rowspan=\"17\" class=\"column-1\"><\/td><td class=\"column-2\">Nom du produit\uff1a<\/td><td class=\"column-3\">FALCON<\/td>\n<\/tr>\n<tr class=\"row-3\">\n\t<td class=\"column-2\">Num\u00e9ro de mod\u00e8le \uff1a<\/td><td class=\"column-3\">VL-FCOB-480D-P10<\/td>\n<\/tr>\n<tr class=\"row-4\">\n\t<td class=\"column-2\">Tension d'entr\u00e9e\uff1a<\/td><td class=\"column-3\">DC12V\/24V<\/td>\n<\/tr>\n<tr class=\"row-5\">\n\t<td class=\"column-2\">Puissance\uff1a<\/td><td class=\"column-3\">12W\/m 14W\/m<\/td>\n<\/tr>\n<tr class=\"row-6\">\n\t<td class=\"column-2\">LEDs QYT\uff1a<\/td><td class=\"column-3\">480 LED\/m<\/td>\n<\/tr>\n<tr class=\"row-7\">\n\t<td class=\"column-2\">Largeur du circuit imprim\u00e9\uff1a<\/td><td class=\"column-3\">8 mm<\/td>\n<\/tr>\n<tr class=\"row-8\">\n\t<td class=\"column-2\">Taille de coupe\uff1a<\/td><td class=\"column-3\">86,66 mm<\/td>\n<\/tr>\n<tr class=\"row-9\">\n\t<td rowspan=\"3\" class=\"column-2\">Efficacit\u00e9 lumineuse\uff1a<\/td><td class=\"column-3\">CW(6000-6500k) 110LM(\u00b110% ) \/ W CRI&gt;90<\/td>\n<\/tr>\n<tr class=\"row-10\">\n\t<td class=\"column-3\">NW(4000-4500K) 100LM(\u00b110% ) \/ W CRI&gt;90<\/td>\n<\/tr>\n<tr class=\"row-11\">\n\t<td class=\"column-3\">WW(2800-3200k) 95LM(\u00b110% ) \/ W CRI&gt;90<\/td>\n<\/tr>\n<tr class=\"row-12\">\n\t<td class=\"column-2\">Certification\uff1a<\/td><td class=\"column-3\">CE\uff0cRoHS\uff0cSAA\uff0cCB\uff0cETL<\/td>\n<\/tr>\n<tr class=\"row-13\">\n\t<td class=\"column-2\">Temp\u00e9rature de couleur\uff1a<\/td><td class=\"column-3\">2800-6500K(CW:6000-6500K,NW:4000-4500K, WW(2800-3200K )<\/td>\n<\/tr>\n<tr class=\"row-14\">\n\t<td class=\"column-2\">Indice de rendu des couleurs\uff1a<\/td><td class=\"column-3\">&gt;90Ra ou &gt;95Ra<\/td>\n<\/tr>\n<tr class=\"row-15\">\n\t<td class=\"column-2\">Niveau d'\u00e9tanch\u00e9it\u00e9\uff1a<\/td><td class=\"column-3\">IP20 \/ IP65 \/IP66 \/ IP67 \/IP68<\/td>\n<\/tr>\n<tr class=\"row-16\">\n\t<td class=\"column-2\">Application\uff1a<\/td><td class=\"column-3\">Largement utilis\u00e9 pour l'\u00e9clairage d\u00e9coratif, d'ambiance et fonctionnel \u00e0 l'int\u00e9rieur comme \u00e0 l'ext\u00e9rieur.<\/td>\n<\/tr>\n<tr class=\"row-17\">\n\t<td class=\"column-2\">Certification\uff1a<\/td><td class=\"column-3\">CE\uff0cRoHS\uff0cSAA\uff0cCB\uff0cETL<\/td>\n<\/tr>\n<tr class=\"row-18\">\n\t<td class=\"column-2\">Garantie\uff1a<\/td><td class=\"column-3\">3 ans<\/td>\n<\/tr>\n<tr class=\"row-19\">\n\t<td colspan=\"3\" class=\"column-1\">Remarques :<br \/>\n<br \/>\n1. Toutes les photos et donn\u00e9es ci-dessus sont uniquement destin\u00e9es \u00e0 vous servir de r\u00e9f\u00e9rence. Les mod\u00e8les peuvent \u00eatre l\u00e9g\u00e8rement diff\u00e9rents en raison des op\u00e9rations effectu\u00e9es en usine.<br \/>\n<br \/>\n2. Selon les exigences des r\u00e8gles Energy Star et d'autres r\u00e8gles, la tol\u00e9rance de puissance est de \u00b110% et l'IRC de \u00b15.<br \/>\n<br \/>\n3. Tol\u00e9rance de la puissance lumineuse 90%-120%.<br \/>\n<br \/>\n4. Tol\u00e9rance de l'angle du faisceau \u00b13\u00b0 (angle inf\u00e9rieur \u00e0 25\u00b0) ou \u00b15\u00b0 (angle sup\u00e9rieur \u00e0 25\u00b0).<br \/>\n<br \/>\n5. Toutes les donn\u00e9es ont \u00e9t\u00e9 obtenues \u00e0 une temp\u00e9rature ambiante de 25\u2103.<\/td>\n<\/tr>\n<\/tbody>\n<\/table>\n<!-- #tablepress-41 from cache -->\n\n\t<div id=\"gap-100064773\" class=\"gap-element clearfix\" style=\"display:block; height:auto;\">\n\t\t\n<style>\n#gap-100064773 {\n  padding-top: 80px;\n}\n<\/style>\n\t<\/div>\n\t\n\n\t<section class=\"section\" id=\"section_1274511249\">\n\t\t<div class=\"section-bg fill\" >\n\t\t\t\t\t\t\t\t\t\n\t\t\t\n\n\t\t<\/div>\n\n\t\t\n\n\t\t<div class=\"section-content relative\">\n\t\t\t\n\t<div id=\"gap-961193699\" class=\"gap-element clearfix\" style=\"display:block; height:auto;\">\n\t\t\n<style>\n#gap-961193699 {\n  padding-top: 20px;\n}\n<\/style>\n\t<\/div>\n\t\n<div class=\"row align-middle align-center\"  id=\"row-142978733\">\n\n\t<div id=\"col-1940067564\" class=\"col medium-9 small-12 large-9\"  >\n\t\t\t\t<div class=\"col-inner text-left\"  >\n\t\t\t\n\t\t\t\n\t<div id=\"text-4137088571\" class=\"text\">\n\t\t\n<h2 class=\"elementor-heading-title elementor-size-default\"><span style=\"color: #6cbb59;\">\u00c9laborons ensemble la meilleure solution pour une application sp\u00e9cifique !<\/span><\/h2>\n<hr \/>\n<h2 class=\"elementor-heading-title elementor-size-default\">\u00a0<\/h2>\n\t\t\n<style>\n#text-4137088571 {\n  font-size: 0.75rem;\n  line-height: 0.75;\n  text-align: center;\n  color: rgb(108, 187, 90);\n}\n#text-4137088571 > * {\n  color: rgb(108, 187, 90);\n}\n<\/style>\n\t<\/div>\n\t\n\t\t<\/div>\n\t\t\t\t\n<style>\n#col-1940067564 > .col-inner {\n  margin: 0px 0px -72px 0px;\n}\n<\/style>\n\t<\/div>\n\n\t\n\n\t<div id=\"col-1666687523\" class=\"col medium-3 small-12 large-3\"  >\n\t\t\t\t<div class=\"col-inner\"  >\n\t\t\t\n\t\t\t\n<a class=\"button alert is-bevel box-shadow-3 box-shadow-5-hover popmake-3020\" style=\"border-radius:5px;\">\n\t\t<span>Parlez \u00e0 un expert de la lumi\u00e8re<\/span>\n\t<\/a>\n\n\t\t<\/div>\n\t\t\t\t\n<style>\n#col-1666687523 > .col-inner {\n  margin: 0px 0px -35px 0px;\n}\n<\/style>\n\t<\/div>\n\n\t\n<\/div>\n\t\t<\/div>\n\n\t\t\n<style>\n#section_1274511249 {\n  padding-top: 0px;\n  padding-bottom: 0px;\n  background-color: #e2f2df;\n}\n<\/style>\n\t<\/section>","protected":false},"excerpt":{"rendered":"<ul>\n<li>Nom du produit\uff1aFALCON<\/li>\n<li>Tension d'entr\u00e9e\uff1aDC24V<\/li>\n<li>Puissance\uff1a8W\/m<\/li>\n<li>LEDs QYT\uff1a384LEDs\/m<\/li>\n<li>Largeur du circuit imprim\u00e9\uff1a8 mm<\/li>\n<li>Taille de coupe\uff1a86.66 mm<\/li>\n<\/ul>","protected":false},"featured_media":1809,"template":"","meta":{"_monsterinsights_skip_tracking":false,"_monsterinsights_sitenote_active":false,"_monsterinsights_sitenote_note":"","_monsterinsights_sitenote_category":0},"product_brand":[],"product_cat":[23],"product_tag":[],"class_list":{"0":"post-532","1":"product","2":"type-product","3":"status-publish","4":"has-post-thumbnail","6":"product_cat-cob-led-strip","8":"first","9":"instock","10":"shipping-taxable","11":"product-type-simple"},"yoast_head":"<!-- This site is optimized with the Yoast SEO plugin v26.9 - https:\/\/yoast.com\/product\/yoast-seo-wordpress\/ -->\n<title>COB LED Strip 480LEDs\/m 10MM PCB cut size 25mm\/50mm - miniledspotlight.com<\/title>\n<meta name=\"description\" content=\"Explore the versatile FALCON COB LED strip light , featuring 12V\/24V power, 12W\/m, 384 LEDs\/m, IP65\/IP66\/IP67\/IP68 waterproof rating, and a 3-year warranty.\" \/>\n<meta name=\"robots\" content=\"index, follow, max-snippet:-1, max-image-preview:large, max-video-preview:-1\" \/>\n<link rel=\"canonical\" href=\"https:\/\/miniledspotlight.com\/fr\/produit\/multicolor-flex-strips\/\" \/>\n<meta property=\"og:locale\" content=\"fr_FR\" \/>\n<meta property=\"og:type\" content=\"article\" \/>\n<meta property=\"og:title\" content=\"COB LED Strip 480LEDs\/m 10MM PCB cut size 25mm\/50mm - miniledspotlight.com\" \/>\n<meta property=\"og:description\" content=\"Explore the versatile FALCON COB LED strip light , featuring 12V\/24V power, 12W\/m, 384 LEDs\/m, IP65\/IP66\/IP67\/IP68 waterproof rating, and a 3-year warranty.\" \/>\n<meta property=\"og:url\" content=\"https:\/\/miniledspotlight.com\/fr\/produit\/multicolor-flex-strips\/\" \/>\n<meta property=\"og:site_name\" content=\"miniledspotlight.com\" \/>\n<meta property=\"article:publisher\" content=\"https:\/\/www.facebook.com\/profile.php?id=100091846026418\" \/>\n<meta property=\"article:modified_time\" content=\"2024-08-19T06:25:34+00:00\" \/>\n<meta property=\"og:image\" content=\"https:\/\/miniledspotlight.com\/wp-content\/uploads\/2024\/04\/4_\u753b\u677f-1-\u526f\u672c-scaled.webp\" \/>\n\t<meta property=\"og:image:width\" content=\"2560\" \/>\n\t<meta property=\"og:image:height\" content=\"2553\" \/>\n\t<meta property=\"og:image:type\" content=\"image\/webp\" \/>\n<meta name=\"twitter:card\" content=\"summary_large_image\" \/>\n<meta name=\"twitter:label1\" content=\"Dur\u00e9e de lecture estim\u00e9e\" \/>\n\t<meta name=\"twitter:data1\" content=\"1 minute\" \/>\n<script type=\"application\/ld+json\" class=\"yoast-schema-graph\">{\"@context\":\"https:\/\/schema.org\",\"@graph\":[{\"@type\":\"WebPage\",\"@id\":\"https:\/\/miniledspotlight.com\/product\/multicolor-flex-strips\/\",\"url\":\"https:\/\/miniledspotlight.com\/product\/multicolor-flex-strips\/\",\"name\":\"COB LED Strip 480LEDs\/m 10MM PCB cut size 25mm\/50mm - miniledspotlight.com\",\"isPartOf\":{\"@id\":\"https:\/\/miniledspotlight.com\/#website\"},\"primaryImageOfPage\":{\"@id\":\"https:\/\/miniledspotlight.com\/product\/multicolor-flex-strips\/#primaryimage\"},\"image\":{\"@id\":\"https:\/\/miniledspotlight.com\/product\/multicolor-flex-strips\/#primaryimage\"},\"thumbnailUrl\":\"https:\/\/miniledspotlight.com\/wp-content\/uploads\/2024\/04\/4_\u753b\u677f-1-\u526f\u672c-scaled.webp\",\"datePublished\":\"2024-04-11T03:50:35+00:00\",\"dateModified\":\"2024-08-19T06:25:34+00:00\",\"description\":\"Explore the versatile FALCON COB LED strip light , featuring 12V\/24V power, 12W\/m, 384 LEDs\/m, IP65\/IP66\/IP67\/IP68 waterproof rating, and a 3-year warranty.\",\"breadcrumb\":{\"@id\":\"https:\/\/miniledspotlight.com\/product\/multicolor-flex-strips\/#breadcrumb\"},\"inLanguage\":\"fr-FR\",\"potentialAction\":[{\"@type\":\"ReadAction\",\"target\":[\"https:\/\/miniledspotlight.com\/product\/multicolor-flex-strips\/\"]}]},{\"@type\":\"ImageObject\",\"inLanguage\":\"fr-FR\",\"@id\":\"https:\/\/miniledspotlight.com\/product\/multicolor-flex-strips\/#primaryimage\",\"url\":\"https:\/\/miniledspotlight.com\/wp-content\/uploads\/2024\/04\/4_\u753b\u677f-1-\u526f\u672c-scaled.webp\",\"contentUrl\":\"https:\/\/miniledspotlight.com\/wp-content\/uploads\/2024\/04\/4_\u753b\u677f-1-\u526f\u672c-scaled.webp\",\"width\":2560,\"height\":2553},{\"@type\":\"BreadcrumbList\",\"@id\":\"https:\/\/miniledspotlight.com\/product\/multicolor-flex-strips\/#breadcrumb\",\"itemListElement\":[{\"@type\":\"ListItem\",\"position\":1,\"name\":\"Home\",\"item\":\"https:\/\/miniledspotlight.com\/\"},{\"@type\":\"ListItem\",\"position\":2,\"name\":\"Products\",\"item\":\"https:\/\/miniledspotlight.com\/shop__trashed\/\"},{\"@type\":\"ListItem\",\"position\":3,\"name\":\"COB LED Strip 480LEDs\/m 10MM PCB cut size 25mm\/50mm\"}]},{\"@type\":\"WebSite\",\"@id\":\"https:\/\/miniledspotlight.com\/#website\",\"url\":\"https:\/\/miniledspotlight.com\/\",\"name\":\"miniledspotlight.com\",\"description\":\"mini LED spotlight manufacture\",\"publisher\":{\"@id\":\"https:\/\/miniledspotlight.com\/#organization\"},\"potentialAction\":[{\"@type\":\"SearchAction\",\"target\":{\"@type\":\"EntryPoint\",\"urlTemplate\":\"https:\/\/miniledspotlight.com\/?s={search_term_string}\"},\"query-input\":{\"@type\":\"PropertyValueSpecification\",\"valueRequired\":true,\"valueName\":\"search_term_string\"}}],\"inLanguage\":\"fr-FR\"},{\"@type\":\"Organization\",\"@id\":\"https:\/\/miniledspotlight.com\/#organization\",\"name\":\"miniledspotlight.com\",\"url\":\"https:\/\/miniledspotlight.com\/\",\"logo\":{\"@type\":\"ImageObject\",\"inLanguage\":\"fr-FR\",\"@id\":\"https:\/\/miniledspotlight.com\/#\/schema\/logo\/image\/\",\"url\":\"https:\/\/miniledspotlight.com\/wp-content\/uploads\/2024\/06\/cropped-logo512X512_\u753b\u677f-1-1.webp\",\"contentUrl\":\"https:\/\/miniledspotlight.com\/wp-content\/uploads\/2024\/06\/cropped-logo512X512_\u753b\u677f-1-1.webp\",\"width\":512,\"height\":512,\"caption\":\"miniledspotlight.com\"},\"image\":{\"@id\":\"https:\/\/miniledspotlight.com\/#\/schema\/logo\/image\/\"},\"sameAs\":[\"https:\/\/www.facebook.com\/profile.php?id=100091846026418\"]}]}<\/script>\n<!-- \/ Yoast SEO plugin. -->","yoast_head_json":{"title":"COB LED Strip 480LEDs\/m 10MM PCB cut size 25mm\/50mm - miniledspotlight.com","description":"Explore the versatile FALCON COB LED strip light , featuring 12V\/24V power, 12W\/m, 384 LEDs\/m, IP65\/IP66\/IP67\/IP68 waterproof rating, and a 3-year warranty.","robots":{"index":"index","follow":"follow","max-snippet":"max-snippet:-1","max-image-preview":"max-image-preview:large","max-video-preview":"max-video-preview:-1"},"canonical":"https:\/\/miniledspotlight.com\/fr\/produit\/multicolor-flex-strips\/","og_locale":"fr_FR","og_type":"article","og_title":"COB LED Strip 480LEDs\/m 10MM PCB cut size 25mm\/50mm - miniledspotlight.com","og_description":"Explore the versatile FALCON COB LED strip light , featuring 12V\/24V power, 12W\/m, 384 LEDs\/m, IP65\/IP66\/IP67\/IP68 waterproof rating, and a 3-year warranty.","og_url":"https:\/\/miniledspotlight.com\/fr\/produit\/multicolor-flex-strips\/","og_site_name":"miniledspotlight.com","article_publisher":"https:\/\/www.facebook.com\/profile.php?id=100091846026418","article_modified_time":"2024-08-19T06:25:34+00:00","og_image":[{"width":2560,"height":2553,"url":"https:\/\/miniledspotlight.com\/wp-content\/uploads\/2024\/04\/4_\u753b\u677f-1-\u526f\u672c-scaled.webp","type":"image\/webp"}],"twitter_card":"summary_large_image","twitter_misc":{"Dur\u00e9e de lecture estim\u00e9e":"1 minute"},"schema":{"@context":"https:\/\/schema.org","@graph":[{"@type":"WebPage","@id":"https:\/\/miniledspotlight.com\/product\/multicolor-flex-strips\/","url":"https:\/\/miniledspotlight.com\/product\/multicolor-flex-strips\/","name":"COB LED Strip 480LEDs\/m 10MM PCB cut size 25mm\/50mm - miniledspotlight.com","isPartOf":{"@id":"https:\/\/miniledspotlight.com\/#website"},"primaryImageOfPage":{"@id":"https:\/\/miniledspotlight.com\/product\/multicolor-flex-strips\/#primaryimage"},"image":{"@id":"https:\/\/miniledspotlight.com\/product\/multicolor-flex-strips\/#primaryimage"},"thumbnailUrl":"https:\/\/miniledspotlight.com\/wp-content\/uploads\/2024\/04\/4_\u753b\u677f-1-\u526f\u672c-scaled.webp","datePublished":"2024-04-11T03:50:35+00:00","dateModified":"2024-08-19T06:25:34+00:00","description":"Explore the versatile FALCON COB LED strip light , featuring 12V\/24V power, 12W\/m, 384 LEDs\/m, IP65\/IP66\/IP67\/IP68 waterproof rating, and a 3-year warranty.","breadcrumb":{"@id":"https:\/\/miniledspotlight.com\/product\/multicolor-flex-strips\/#breadcrumb"},"inLanguage":"fr-FR","potentialAction":[{"@type":"ReadAction","target":["https:\/\/miniledspotlight.com\/product\/multicolor-flex-strips\/"]}]},{"@type":"ImageObject","inLanguage":"fr-FR","@id":"https:\/\/miniledspotlight.com\/product\/multicolor-flex-strips\/#primaryimage","url":"https:\/\/miniledspotlight.com\/wp-content\/uploads\/2024\/04\/4_\u753b\u677f-1-\u526f\u672c-scaled.webp","contentUrl":"https:\/\/miniledspotlight.com\/wp-content\/uploads\/2024\/04\/4_\u753b\u677f-1-\u526f\u672c-scaled.webp","width":2560,"height":2553},{"@type":"BreadcrumbList","@id":"https:\/\/miniledspotlight.com\/product\/multicolor-flex-strips\/#breadcrumb","itemListElement":[{"@type":"ListItem","position":1,"name":"Home","item":"https:\/\/miniledspotlight.com\/"},{"@type":"ListItem","position":2,"name":"Products","item":"https:\/\/miniledspotlight.com\/shop__trashed\/"},{"@type":"ListItem","position":3,"name":"COB LED Strip 480LEDs\/m 10MM PCB cut size 25mm\/50mm"}]},{"@type":"WebSite","@id":"https:\/\/miniledspotlight.com\/#website","url":"https:\/\/miniledspotlight.com\/","name":"miniledspotlight.com","description":"fabrication de mini spots LED","publisher":{"@id":"https:\/\/miniledspotlight.com\/#organization"},"potentialAction":[{"@type":"SearchAction","target":{"@type":"EntryPoint","urlTemplate":"https:\/\/miniledspotlight.com\/?s={search_term_string}"},"query-input":{"@type":"PropertyValueSpecification","valueRequired":true,"valueName":"search_term_string"}}],"inLanguage":"fr-FR"},{"@type":"Organization","@id":"https:\/\/miniledspotlight.com\/#organization","name":"miniledspotlight.com","url":"https:\/\/miniledspotlight.com\/","logo":{"@type":"ImageObject","inLanguage":"fr-FR","@id":"https:\/\/miniledspotlight.com\/#\/schema\/logo\/image\/","url":"https:\/\/miniledspotlight.com\/wp-content\/uploads\/2024\/06\/cropped-logo512X512_\u753b\u677f-1-1.webp","contentUrl":"https:\/\/miniledspotlight.com\/wp-content\/uploads\/2024\/06\/cropped-logo512X512_\u753b\u677f-1-1.webp","width":512,"height":512,"caption":"miniledspotlight.com"},"image":{"@id":"https:\/\/miniledspotlight.com\/#\/schema\/logo\/image\/"},"sameAs":["https:\/\/www.facebook.com\/profile.php?id=100091846026418"]}]}},"_links":{"self":[{"href":"https:\/\/miniledspotlight.com\/fr\/wp-json\/wp\/v2\/product\/532","targetHints":{"allow":["GET"]}}],"collection":[{"href":"https:\/\/miniledspotlight.com\/fr\/wp-json\/wp\/v2\/product"}],"about":[{"href":"https:\/\/miniledspotlight.com\/fr\/wp-json\/wp\/v2\/types\/product"}],"wp:featuredmedia":[{"embeddable":true,"href":"https:\/\/miniledspotlight.com\/fr\/wp-json\/wp\/v2\/media\/1809"}],"wp:attachment":[{"href":"https:\/\/miniledspotlight.com\/fr\/wp-json\/wp\/v2\/media?parent=532"}],"wp:term":[{"taxonomy":"product_brand","embeddable":true,"href":"https:\/\/miniledspotlight.com\/fr\/wp-json\/wp\/v2\/product_brand?post=532"},{"taxonomy":"product_cat","embeddable":true,"href":"https:\/\/miniledspotlight.com\/fr\/wp-json\/wp\/v2\/product_cat?post=532"},{"taxonomy":"product_tag","embeddable":true,"href":"https:\/\/miniledspotlight.com\/fr\/wp-json\/wp\/v2\/product_tag?post=532"}],"curies":[{"name":"wp","href":"https:\/\/api.w.org\/{rel}","templated":true}]}}