{"id":1542,"date":"2024-05-27T01:12:32","date_gmt":"2024-05-27T01:12:32","guid":{"rendered":"https:\/\/miniledspotlight.com\/?post_type=product&#038;p=1542"},"modified":"2024-05-30T02:19:07","modified_gmt":"2024-05-30T02:19:07","slug":"vl-sp12w","status":"publish","type":"product","link":"https:\/\/miniledspotlight.com\/fr\/produit\/vl-sp12w\/","title":{"rendered":"VL-EC05M-RB"},"content":{"rendered":"","protected":false},"excerpt":{"rendered":"<ul>\n<li>C\u00e2ble d'extension noir et rouge<\/li>\n<li>Niveau d'\u00e9tanch\u00e9it\u00e9 : IP20<\/li>\n<li>Longueur : 1m\/2m\/3m\/5m\/7m\/10m<\/li>\n<li>Certifi\u00e9 CE, RoHS<\/li>\n<li>2 ans de garantie<\/li>\n<\/ul>","protected":false},"featured_media":1545,"template":"","meta":{"_monsterinsights_skip_tracking":false,"_monsterinsights_sitenote_active":false,"_monsterinsights_sitenote_note":"","_monsterinsights_sitenote_category":0},"product_brand":[],"product_cat":[103,25],"product_tag":[],"class_list":{"0":"post-1542","1":"product","2":"type-product","3":"status-publish","4":"has-post-thumbnail","6":"product_cat-wires-cables","7":"product_cat-accessories","9":"first","10":"instock","11":"shipping-taxable","12":"product-type-simple"},"yoast_head":"<!-- This site is optimized with the Yoast SEO plugin v26.9 - https:\/\/yoast.com\/product\/yoast-seo-wordpress\/ -->\n<title>VL-EC05M-RB - miniledspotlight.com<\/title>\n<meta name=\"robots\" content=\"index, follow, max-snippet:-1, max-image-preview:large, max-video-preview:-1\" \/>\n<link rel=\"canonical\" href=\"https:\/\/miniledspotlight.com\/fr\/produit\/vl-sp12w\/\" \/>\n<meta property=\"og:locale\" content=\"fr_FR\" \/>\n<meta property=\"og:type\" content=\"article\" \/>\n<meta property=\"og:title\" content=\"VL-EC05M-RB - miniledspotlight.com\" \/>\n<meta property=\"og:description\" content=\"Black &amp; Red Extension cable  Waterproof Level: IP20  Length: 1m\/2m\/3m\/5m\/7m\/10m  CE, RoHS\u00a0certified  2 years\u00a0Warranty\" \/>\n<meta property=\"og:url\" content=\"https:\/\/miniledspotlight.com\/fr\/produit\/vl-sp12w\/\" \/>\n<meta property=\"og:site_name\" content=\"miniledspotlight.com\" \/>\n<meta property=\"article:publisher\" content=\"https:\/\/www.facebook.com\/profile.php?id=100091846026418\" \/>\n<meta property=\"article:modified_time\" content=\"2024-05-30T02:19:07+00:00\" \/>\n<meta property=\"og:image\" content=\"https:\/\/miniledspotlight.com\/wp-content\/uploads\/2024\/05\/\u4e0d\u9632\u6c34\u9ed1\u9ed1\u7ebf_\u753b\u677f-1-\u526f\u672c-2.jpg\" \/>\n\t<meta property=\"og:image:width\" content=\"1335\" \/>\n\t<meta property=\"og:image:height\" content=\"1601\" \/>\n\t<meta property=\"og:image:type\" content=\"image\/jpeg\" \/>\n<meta name=\"twitter:card\" content=\"summary_large_image\" \/>\n<meta name=\"twitter:label1\" content=\"Dur\u00e9e de lecture estim\u00e9e\" \/>\n\t<meta name=\"twitter:data1\" content=\"1 minute\" \/>\n<script type=\"application\/ld+json\" class=\"yoast-schema-graph\">{\"@context\":\"https:\/\/schema.org\",\"@graph\":[{\"@type\":\"WebPage\",\"@id\":\"https:\/\/miniledspotlight.com\/product\/vl-sp12w\/\",\"url\":\"https:\/\/miniledspotlight.com\/product\/vl-sp12w\/\",\"name\":\"VL-EC05M-RB - miniledspotlight.com\",\"isPartOf\":{\"@id\":\"https:\/\/miniledspotlight.com\/#website\"},\"primaryImageOfPage\":{\"@id\":\"https:\/\/miniledspotlight.com\/product\/vl-sp12w\/#primaryimage\"},\"image\":{\"@id\":\"https:\/\/miniledspotlight.com\/product\/vl-sp12w\/#primaryimage\"},\"thumbnailUrl\":\"https:\/\/miniledspotlight.com\/wp-content\/uploads\/2024\/05\/\u4e0d\u9632\u6c34\u9ed1\u9ed1\u7ebf_\u753b\u677f-1-\u526f\u672c-2.jpg\",\"datePublished\":\"2024-05-27T01:12:32+00:00\",\"dateModified\":\"2024-05-30T02:19:07+00:00\",\"breadcrumb\":{\"@id\":\"https:\/\/miniledspotlight.com\/product\/vl-sp12w\/#breadcrumb\"},\"inLanguage\":\"fr-FR\",\"potentialAction\":[{\"@type\":\"ReadAction\",\"target\":[\"https:\/\/miniledspotlight.com\/product\/vl-sp12w\/\"]}]},{\"@type\":\"ImageObject\",\"inLanguage\":\"fr-FR\",\"@id\":\"https:\/\/miniledspotlight.com\/product\/vl-sp12w\/#primaryimage\",\"url\":\"https:\/\/miniledspotlight.com\/wp-content\/uploads\/2024\/05\/\u4e0d\u9632\u6c34\u9ed1\u9ed1\u7ebf_\u753b\u677f-1-\u526f\u672c-2.jpg\",\"contentUrl\":\"https:\/\/miniledspotlight.com\/wp-content\/uploads\/2024\/05\/\u4e0d\u9632\u6c34\u9ed1\u9ed1\u7ebf_\u753b\u677f-1-\u526f\u672c-2.jpg\",\"width\":1335,\"height\":1601},{\"@type\":\"BreadcrumbList\",\"@id\":\"https:\/\/miniledspotlight.com\/product\/vl-sp12w\/#breadcrumb\",\"itemListElement\":[{\"@type\":\"ListItem\",\"position\":1,\"name\":\"Home\",\"item\":\"https:\/\/miniledspotlight.com\/\"},{\"@type\":\"ListItem\",\"position\":2,\"name\":\"Products\",\"item\":\"https:\/\/miniledspotlight.com\/shop__trashed\/\"},{\"@type\":\"ListItem\",\"position\":3,\"name\":\"VL-EC05M-RB\"}]},{\"@type\":\"WebSite\",\"@id\":\"https:\/\/miniledspotlight.com\/#website\",\"url\":\"https:\/\/miniledspotlight.com\/\",\"name\":\"miniledspotlight.com\",\"description\":\"mini LED spotlight manufacture\",\"publisher\":{\"@id\":\"https:\/\/miniledspotlight.com\/#organization\"},\"potentialAction\":[{\"@type\":\"SearchAction\",\"target\":{\"@type\":\"EntryPoint\",\"urlTemplate\":\"https:\/\/miniledspotlight.com\/?s={search_term_string}\"},\"query-input\":{\"@type\":\"PropertyValueSpecification\",\"valueRequired\":true,\"valueName\":\"search_term_string\"}}],\"inLanguage\":\"fr-FR\"},{\"@type\":\"Organization\",\"@id\":\"https:\/\/miniledspotlight.com\/#organization\",\"name\":\"miniledspotlight.com\",\"url\":\"https:\/\/miniledspotlight.com\/\",\"logo\":{\"@type\":\"ImageObject\",\"inLanguage\":\"fr-FR\",\"@id\":\"https:\/\/miniledspotlight.com\/#\/schema\/logo\/image\/\",\"url\":\"https:\/\/miniledspotlight.com\/wp-content\/uploads\/2024\/06\/cropped-logo512X512_\u753b\u677f-1-1.webp\",\"contentUrl\":\"https:\/\/miniledspotlight.com\/wp-content\/uploads\/2024\/06\/cropped-logo512X512_\u753b\u677f-1-1.webp\",\"width\":512,\"height\":512,\"caption\":\"miniledspotlight.com\"},\"image\":{\"@id\":\"https:\/\/miniledspotlight.com\/#\/schema\/logo\/image\/\"},\"sameAs\":[\"https:\/\/www.facebook.com\/profile.php?id=100091846026418\"]}]}<\/script>\n<!-- \/ Yoast SEO plugin. -->","yoast_head_json":{"title":"VL-EC05M-RB - miniledspotlight.com","robots":{"index":"index","follow":"follow","max-snippet":"max-snippet:-1","max-image-preview":"max-image-preview:large","max-video-preview":"max-video-preview:-1"},"canonical":"https:\/\/miniledspotlight.com\/fr\/produit\/vl-sp12w\/","og_locale":"fr_FR","og_type":"article","og_title":"VL-EC05M-RB - miniledspotlight.com","og_description":"Black &amp; Red Extension cable  Waterproof Level: IP20  Length: 1m\/2m\/3m\/5m\/7m\/10m  CE, RoHS\u00a0certified  2 years\u00a0Warranty","og_url":"https:\/\/miniledspotlight.com\/fr\/produit\/vl-sp12w\/","og_site_name":"miniledspotlight.com","article_publisher":"https:\/\/www.facebook.com\/profile.php?id=100091846026418","article_modified_time":"2024-05-30T02:19:07+00:00","og_image":[{"width":1335,"height":1601,"url":"https:\/\/miniledspotlight.com\/wp-content\/uploads\/2024\/05\/\u4e0d\u9632\u6c34\u9ed1\u9ed1\u7ebf_\u753b\u677f-1-\u526f\u672c-2.jpg","type":"image\/jpeg"}],"twitter_card":"summary_large_image","twitter_misc":{"Dur\u00e9e de lecture estim\u00e9e":"1 minute"},"schema":{"@context":"https:\/\/schema.org","@graph":[{"@type":"WebPage","@id":"https:\/\/miniledspotlight.com\/product\/vl-sp12w\/","url":"https:\/\/miniledspotlight.com\/product\/vl-sp12w\/","name":"VL-EC05M-RB - miniledspotlight.com","isPartOf":{"@id":"https:\/\/miniledspotlight.com\/#website"},"primaryImageOfPage":{"@id":"https:\/\/miniledspotlight.com\/product\/vl-sp12w\/#primaryimage"},"image":{"@id":"https:\/\/miniledspotlight.com\/product\/vl-sp12w\/#primaryimage"},"thumbnailUrl":"https:\/\/miniledspotlight.com\/wp-content\/uploads\/2024\/05\/\u4e0d\u9632\u6c34\u9ed1\u9ed1\u7ebf_\u753b\u677f-1-\u526f\u672c-2.jpg","datePublished":"2024-05-27T01:12:32+00:00","dateModified":"2024-05-30T02:19:07+00:00","breadcrumb":{"@id":"https:\/\/miniledspotlight.com\/product\/vl-sp12w\/#breadcrumb"},"inLanguage":"fr-FR","potentialAction":[{"@type":"ReadAction","target":["https:\/\/miniledspotlight.com\/product\/vl-sp12w\/"]}]},{"@type":"ImageObject","inLanguage":"fr-FR","@id":"https:\/\/miniledspotlight.com\/product\/vl-sp12w\/#primaryimage","url":"https:\/\/miniledspotlight.com\/wp-content\/uploads\/2024\/05\/\u4e0d\u9632\u6c34\u9ed1\u9ed1\u7ebf_\u753b\u677f-1-\u526f\u672c-2.jpg","contentUrl":"https:\/\/miniledspotlight.com\/wp-content\/uploads\/2024\/05\/\u4e0d\u9632\u6c34\u9ed1\u9ed1\u7ebf_\u753b\u677f-1-\u526f\u672c-2.jpg","width":1335,"height":1601},{"@type":"BreadcrumbList","@id":"https:\/\/miniledspotlight.com\/product\/vl-sp12w\/#breadcrumb","itemListElement":[{"@type":"ListItem","position":1,"name":"Home","item":"https:\/\/miniledspotlight.com\/"},{"@type":"ListItem","position":2,"name":"Products","item":"https:\/\/miniledspotlight.com\/shop__trashed\/"},{"@type":"ListItem","position":3,"name":"VL-EC05M-RB"}]},{"@type":"WebSite","@id":"https:\/\/miniledspotlight.com\/#website","url":"https:\/\/miniledspotlight.com\/","name":"miniledspotlight.com","description":"fabrication de mini spots LED","publisher":{"@id":"https:\/\/miniledspotlight.com\/#organization"},"potentialAction":[{"@type":"SearchAction","target":{"@type":"EntryPoint","urlTemplate":"https:\/\/miniledspotlight.com\/?s={search_term_string}"},"query-input":{"@type":"PropertyValueSpecification","valueRequired":true,"valueName":"search_term_string"}}],"inLanguage":"fr-FR"},{"@type":"Organization","@id":"https:\/\/miniledspotlight.com\/#organization","name":"miniledspotlight.com","url":"https:\/\/miniledspotlight.com\/","logo":{"@type":"ImageObject","inLanguage":"fr-FR","@id":"https:\/\/miniledspotlight.com\/#\/schema\/logo\/image\/","url":"https:\/\/miniledspotlight.com\/wp-content\/uploads\/2024\/06\/cropped-logo512X512_\u753b\u677f-1-1.webp","contentUrl":"https:\/\/miniledspotlight.com\/wp-content\/uploads\/2024\/06\/cropped-logo512X512_\u753b\u677f-1-1.webp","width":512,"height":512,"caption":"miniledspotlight.com"},"image":{"@id":"https:\/\/miniledspotlight.com\/#\/schema\/logo\/image\/"},"sameAs":["https:\/\/www.facebook.com\/profile.php?id=100091846026418"]}]}},"_links":{"self":[{"href":"https:\/\/miniledspotlight.com\/fr\/wp-json\/wp\/v2\/product\/1542","targetHints":{"allow":["GET"]}}],"collection":[{"href":"https:\/\/miniledspotlight.com\/fr\/wp-json\/wp\/v2\/product"}],"about":[{"href":"https:\/\/miniledspotlight.com\/fr\/wp-json\/wp\/v2\/types\/product"}],"wp:featuredmedia":[{"embeddable":true,"href":"https:\/\/miniledspotlight.com\/fr\/wp-json\/wp\/v2\/media\/1545"}],"wp:attachment":[{"href":"https:\/\/miniledspotlight.com\/fr\/wp-json\/wp\/v2\/media?parent=1542"}],"wp:term":[{"taxonomy":"product_brand","embeddable":true,"href":"https:\/\/miniledspotlight.com\/fr\/wp-json\/wp\/v2\/product_brand?post=1542"},{"taxonomy":"product_cat","embeddable":true,"href":"https:\/\/miniledspotlight.com\/fr\/wp-json\/wp\/v2\/product_cat?post=1542"},{"taxonomy":"product_tag","embeddable":true,"href":"https:\/\/miniledspotlight.com\/fr\/wp-json\/wp\/v2\/product_tag?post=1542"}],"curies":[{"name":"wp","href":"https:\/\/api.w.org\/{rel}","templated":true}]}}