{"id":2937,"date":"2024-07-24T06:39:20","date_gmt":"2024-07-24T06:39:20","guid":{"rendered":"https:\/\/miniledspotlight.com\/?page_id=2937"},"modified":"2024-07-24T07:38:24","modified_gmt":"2024-07-24T07:38:24","slug":"led-strip-light-kit","status":"publish","type":"page","link":"https:\/\/miniledspotlight.com\/fr\/led-strip-light-kit\/","title":{"rendered":"KIT DE BANDE LUMINEUSE \u00c0 LED"},"content":{"rendered":"<section class=\"section\" id=\"section_1249234712\">\n\t\t<div class=\"section-bg fill\" >\n\t\t\t\t\t\t\t\t\t\n\t\t\t\n\n\t\t<\/div>\n\n\t\t\n\n\t\t<div class=\"section-content relative\">\n\t\t\t\n<div class=\"row row-collapse row-full-width align-middle align-center\"  id=\"row-2065080744\">\n\n\t<div id=\"col-1483257198\" class=\"col medium-12 small-12 large-6\"  >\n\t\t\t\t<div class=\"col-inner\"  >\n\t\t\t\n\t\t\t\n\t<div id=\"gap-674913537\" class=\"gap-element clearfix\" style=\"display:block; height:auto;\">\n\t\t\n<style>\n#gap-674913537 {\n  padding-top: 50px;\n}\n<\/style>\n\t<\/div>\n\t\n<div class=\"row align-center\"  id=\"row-1009807953\">\n\n\t<div id=\"col-1896165915\" class=\"col small-12 large-12\"  >\n\t\t\t\t<div class=\"col-inner text-center\"  >\n\t\t\t\n\t\t\t\n\t<div id=\"text-520882799\" class=\"text\">\n\t\t\n<h1 class=\"uppercase\">KIT DE BANDE LUMINEUSE \u00c0 LED<\/h1>\n\t\t\n<style>\n#text-520882799 {\n  font-size: 1.75rem;\n}\n@media (min-width:550px) {\n  #text-520882799 {\n    font-size: 2.25rem;\n  }\n}\n<\/style>\n\t<\/div>\n\t\n<p>Les bandes LED ont un large \u00e9ventail d'applications gr\u00e2ce \u00e0 leurs diff\u00e9rentes options de couleur et de luminosit\u00e9. Elles peuvent \u00eatre coup\u00e9es, connect\u00e9es et configur\u00e9es en diff\u00e9rents kits pour r\u00e9pondre \u00e0 des besoins vari\u00e9s.<br \/>Si vous avez des projets, n'h\u00e9sitez pas \u00e0 nous contacter pour cr\u00e9er les meilleures solutions pour vos besoins sp\u00e9cifiques.<\/p>\n<hr \/>\n<p style=\"text-align: center;\"><strong>Tel : +86 181 2404 1986 Email : freed@vledcorp.com<\/strong><\/p>\n\t<div id=\"gap-694736342\" class=\"gap-element clearfix\" style=\"display:block; height:auto;\">\n\t\t\n<style>\n#gap-694736342 {\n  padding-top: 20px;\n}\n@media (min-width:550px) {\n  #gap-694736342 {\n    padding-top: 30px;\n  }\n}\n<\/style>\n\t<\/div>\n\t\n<a class=\"button secondary is-underline popmake-2815\" >\n\t\t<span>ALLER AU CONTACT<\/span>\n\t<\/a>\n\n\t\t<\/div>\n\t\t\t\t\n<style>\n#col-1896165915 > .col-inner {\n  padding: 30px 5% 30px 5%;\n}\n@media (min-width:550px) {\n  #col-1896165915 > .col-inner {\n    padding: 50px 10% 50px 10%;\n  }\n}\n@media (min-width:850px) {\n  #col-1896165915 > .col-inner {\n    padding: 0px 10% 0px 10%;\n  }\n}\n<\/style>\n\t<\/div>\n\n\t\n<\/div>\n\t\t<\/div>\n\t\t\t\t\t<\/div>\n\n\t\n\n\t<div id=\"col-818780881\" class=\"col medium-12 small-12 large-6\"  >\n\t\t\t\t<div class=\"col-inner\" style=\"background-color:rgb(255, 255, 255);\" >\n\t\t\t\n\t\t\t\n<div class=\"slider-wrapper relative\" id=\"slider-2010034706\" >\n    <div class=\"slider slider-nav-dots-dashes slider-nav-circle slider-nav-large slider-nav-light slider-style-container\"\n        data-flickity-options='{            \"cellAlign\": \"center\",            \"imagesLoaded\": true,            \"lazyLoad\": 1,            \"freeScroll\": false,            \"wrapAround\": true,            \"autoPlay\": 3500,            \"pauseAutoPlayOnHover\" : false,            \"prevNextButtons\": false,            \"contain\" : true,            \"adaptiveHeight\" : true,            \"dragThreshold\" : 10,            \"percentPosition\": true,            \"pageDots\": true,            \"rightToLeft\": false,            \"draggable\": true,            \"selectedAttraction\": 0.1,            \"parallax\" : 0,            \"friction\": 0.6        }'\n        >\n        \n\n  <div class=\"banner has-hover\" id=\"banner-1282771224\">\n          <div class=\"banner-inner fill\">\n        <div class=\"banner-bg fill\" >\n            <img decoding=\"async\" width=\"800\" height=\"800\" data-src=\"https:\/\/miniledspotlight.com\/wp-content\/uploads\/2024\/07\/222.webp\" class=\"bg attachment-original size-original lazyload\" alt=\"LED Strip Light Kit show\" src=\"data:image\/gif;base64,R0lGODlhAQABAAAAACH5BAEKAAEALAAAAAABAAEAAAICTAEAOw==\" style=\"--smush-placeholder-width: 800px; --smush-placeholder-aspect-ratio: 800\/800;\" \/>                                    \n                    <\/div>\n\t\t\n        <div class=\"banner-layers container\">\n            <div class=\"fill banner-link\"><\/div>            \n   <div id=\"text-box-658860458\" class=\"text-box banner-layer x50 md-x50 lg-x50 y50 md-y50 lg-y50 res-text\">\n                                <div class=\"text-box-content text dark\">\n              \n              <div class=\"text-inner text-center\">\n                  \n              <\/div>\n           <\/div>\n                            \n<style>\n#text-box-658860458 {\n  width: 60%;\n}\n#text-box-658860458 .text-box-content {\n  font-size: 100%;\n}\n<\/style>\n    <\/div>\n \n        <\/div>\n      <\/div>\n\n            \n<style>\n#banner-1282771224 {\n  padding-top: 300px;\n  background-color: rgba(255, 255, 255, 0);\n}\n#banner-1282771224 .banner-bg img {\n  object-position: 60% 100%;\n}\n@media (min-width:550px) {\n  #banner-1282771224 {\n    padding-top: 450px;\n  }\n}\n@media (min-width:850px) {\n  #banner-1282771224 {\n    padding-top: 752px;\n  }\n}\n<\/style>\n  <\/div>\n\n\n     <\/div>\n\n     <div class=\"loading-spin dark large centered\"><\/div>\n\n\t<\/div>\n\n\n\t\t<\/div>\n\t\t\t\t\t<\/div>\n\n\t\n\n<style>\n#row-2065080744 > .col > .col-inner {\n  padding: 0px 0px 0px 0px;\n}\n<\/style>\n<\/div>\n\t\t<\/div>\n\n\t\t\n<style>\n#section_1249234712 {\n  padding-top: 0px;\n  padding-bottom: 0px;\n  margin-bottom: -80px;\n  background-color: rgb(246, 246, 237);\n}\n<\/style>\n\t<\/section>","protected":false},"excerpt":{"rendered":"","protected":false},"author":1,"featured_media":0,"parent":0,"menu_order":0,"comment_status":"closed","ping_status":"closed","template":"page-blank.php","meta":{"_monsterinsights_skip_tracking":false,"_monsterinsights_sitenote_active":false,"_monsterinsights_sitenote_note":"","_monsterinsights_sitenote_category":0,"footnotes":""},"class_list":["post-2937","page","type-page","status-publish","hentry"],"yoast_head":"<!-- This site is optimized with the Yoast SEO plugin v26.9 - https:\/\/yoast.com\/product\/yoast-seo-wordpress\/ -->\n<title>Wholesale LED Strip Light Kit | Factory Supplier<\/title>\n<meta name=\"description\" content=\"Illuminating Excellence: Explore Our LED Strip Light Kit Collection Discover our premium LED strip light kit offerings\" \/>\n<meta name=\"robots\" content=\"index, follow, max-snippet:-1, max-image-preview:large, max-video-preview:-1\" \/>\n<link rel=\"canonical\" href=\"https:\/\/miniledspotlight.com\/fr\/led-strip-light-kit\/\" \/>\n<meta property=\"og:locale\" content=\"fr_FR\" \/>\n<meta property=\"og:type\" content=\"article\" \/>\n<meta property=\"og:title\" content=\"Wholesale LED Strip Light Kit | Factory Supplier\" \/>\n<meta property=\"og:description\" content=\"Illuminating Excellence: Explore Our LED Strip Light Kit Collection Discover our premium LED strip light kit offerings\" \/>\n<meta property=\"og:url\" content=\"https:\/\/miniledspotlight.com\/fr\/led-strip-light-kit\/\" \/>\n<meta property=\"og:site_name\" content=\"miniledspotlight.com\" \/>\n<meta property=\"article:publisher\" content=\"https:\/\/www.facebook.com\/profile.php?id=100091846026418\" \/>\n<meta property=\"article:modified_time\" content=\"2024-07-24T07:38:24+00:00\" \/>\n<meta property=\"og:image\" content=\"https:\/\/miniledspotlight.com\/wp-content\/uploads\/2024\/08\/\u5957\u88c5\u7ec4\u5408\u56fe\u65b01.jpg\" \/>\n\t<meta property=\"og:image:width\" content=\"1200\" \/>\n\t<meta property=\"og:image:height\" content=\"628\" \/>\n\t<meta property=\"og:image:type\" content=\"image\/jpeg\" \/>\n<meta name=\"twitter:card\" content=\"summary_large_image\" \/>\n<meta name=\"twitter:label1\" content=\"Dur\u00e9e de lecture estim\u00e9e\" \/>\n\t<meta name=\"twitter:data1\" content=\"1 minute\" \/>\n<script type=\"application\/ld+json\" class=\"yoast-schema-graph\">{\"@context\":\"https:\/\/schema.org\",\"@graph\":[{\"@type\":\"WebPage\",\"@id\":\"https:\/\/miniledspotlight.com\/led-strip-light-kit\/\",\"url\":\"https:\/\/miniledspotlight.com\/led-strip-light-kit\/\",\"name\":\"Wholesale LED Strip Light Kit | Factory Supplier\",\"isPartOf\":{\"@id\":\"https:\/\/miniledspotlight.com\/#website\"},\"datePublished\":\"2024-07-24T06:39:20+00:00\",\"dateModified\":\"2024-07-24T07:38:24+00:00\",\"description\":\"Illuminating Excellence: Explore Our LED Strip Light Kit Collection Discover our premium LED strip light kit offerings\",\"breadcrumb\":{\"@id\":\"https:\/\/miniledspotlight.com\/led-strip-light-kit\/#breadcrumb\"},\"inLanguage\":\"fr-FR\",\"potentialAction\":[{\"@type\":\"ReadAction\",\"target\":[\"https:\/\/miniledspotlight.com\/led-strip-light-kit\/\"]}]},{\"@type\":\"BreadcrumbList\",\"@id\":\"https:\/\/miniledspotlight.com\/led-strip-light-kit\/#breadcrumb\",\"itemListElement\":[{\"@type\":\"ListItem\",\"position\":1,\"name\":\"Home\",\"item\":\"https:\/\/miniledspotlight.com\/\"},{\"@type\":\"ListItem\",\"position\":2,\"name\":\"LED STRIP LIGHT KIT\"}]},{\"@type\":\"WebSite\",\"@id\":\"https:\/\/miniledspotlight.com\/#website\",\"url\":\"https:\/\/miniledspotlight.com\/\",\"name\":\"miniledspotlight.com\",\"description\":\"mini LED spotlight manufacture\",\"publisher\":{\"@id\":\"https:\/\/miniledspotlight.com\/#organization\"},\"potentialAction\":[{\"@type\":\"SearchAction\",\"target\":{\"@type\":\"EntryPoint\",\"urlTemplate\":\"https:\/\/miniledspotlight.com\/?s={search_term_string}\"},\"query-input\":{\"@type\":\"PropertyValueSpecification\",\"valueRequired\":true,\"valueName\":\"search_term_string\"}}],\"inLanguage\":\"fr-FR\"},{\"@type\":\"Organization\",\"@id\":\"https:\/\/miniledspotlight.com\/#organization\",\"name\":\"miniledspotlight.com\",\"url\":\"https:\/\/miniledspotlight.com\/\",\"logo\":{\"@type\":\"ImageObject\",\"inLanguage\":\"fr-FR\",\"@id\":\"https:\/\/miniledspotlight.com\/#\/schema\/logo\/image\/\",\"url\":\"https:\/\/miniledspotlight.com\/wp-content\/uploads\/2024\/06\/cropped-logo512X512_\u753b\u677f-1-1.webp\",\"contentUrl\":\"https:\/\/miniledspotlight.com\/wp-content\/uploads\/2024\/06\/cropped-logo512X512_\u753b\u677f-1-1.webp\",\"width\":512,\"height\":512,\"caption\":\"miniledspotlight.com\"},\"image\":{\"@id\":\"https:\/\/miniledspotlight.com\/#\/schema\/logo\/image\/\"},\"sameAs\":[\"https:\/\/www.facebook.com\/profile.php?id=100091846026418\"]}]}<\/script>\n<!-- \/ Yoast SEO plugin. -->","yoast_head_json":{"title":"Wholesale LED Strip Light Kit | Factory Supplier","description":"Illuminating Excellence: Explore Our LED Strip Light Kit Collection Discover our premium LED strip light kit offerings","robots":{"index":"index","follow":"follow","max-snippet":"max-snippet:-1","max-image-preview":"max-image-preview:large","max-video-preview":"max-video-preview:-1"},"canonical":"https:\/\/miniledspotlight.com\/fr\/led-strip-light-kit\/","og_locale":"fr_FR","og_type":"article","og_title":"Wholesale LED Strip Light Kit | Factory Supplier","og_description":"Illuminating Excellence: Explore Our LED Strip Light Kit Collection Discover our premium LED strip light kit offerings","og_url":"https:\/\/miniledspotlight.com\/fr\/led-strip-light-kit\/","og_site_name":"miniledspotlight.com","article_publisher":"https:\/\/www.facebook.com\/profile.php?id=100091846026418","article_modified_time":"2024-07-24T07:38:24+00:00","og_image":[{"width":1200,"height":628,"url":"https:\/\/miniledspotlight.com\/wp-content\/uploads\/2024\/08\/\u5957\u88c5\u7ec4\u5408\u56fe\u65b01.jpg","type":"image\/jpeg"}],"twitter_card":"summary_large_image","twitter_misc":{"Dur\u00e9e de lecture estim\u00e9e":"1 minute"},"schema":{"@context":"https:\/\/schema.org","@graph":[{"@type":"WebPage","@id":"https:\/\/miniledspotlight.com\/led-strip-light-kit\/","url":"https:\/\/miniledspotlight.com\/led-strip-light-kit\/","name":"Wholesale LED Strip Light Kit | Factory Supplier","isPartOf":{"@id":"https:\/\/miniledspotlight.com\/#website"},"datePublished":"2024-07-24T06:39:20+00:00","dateModified":"2024-07-24T07:38:24+00:00","description":"Illuminating Excellence: Explore Our LED Strip Light Kit Collection Discover our premium LED strip light kit offerings","breadcrumb":{"@id":"https:\/\/miniledspotlight.com\/led-strip-light-kit\/#breadcrumb"},"inLanguage":"fr-FR","potentialAction":[{"@type":"ReadAction","target":["https:\/\/miniledspotlight.com\/led-strip-light-kit\/"]}]},{"@type":"BreadcrumbList","@id":"https:\/\/miniledspotlight.com\/led-strip-light-kit\/#breadcrumb","itemListElement":[{"@type":"ListItem","position":1,"name":"Home","item":"https:\/\/miniledspotlight.com\/"},{"@type":"ListItem","position":2,"name":"LED STRIP LIGHT KIT"}]},{"@type":"WebSite","@id":"https:\/\/miniledspotlight.com\/#website","url":"https:\/\/miniledspotlight.com\/","name":"miniledspotlight.com","description":"fabrication de mini spots LED","publisher":{"@id":"https:\/\/miniledspotlight.com\/#organization"},"potentialAction":[{"@type":"SearchAction","target":{"@type":"EntryPoint","urlTemplate":"https:\/\/miniledspotlight.com\/?s={search_term_string}"},"query-input":{"@type":"PropertyValueSpecification","valueRequired":true,"valueName":"search_term_string"}}],"inLanguage":"fr-FR"},{"@type":"Organization","@id":"https:\/\/miniledspotlight.com\/#organization","name":"miniledspotlight.com","url":"https:\/\/miniledspotlight.com\/","logo":{"@type":"ImageObject","inLanguage":"fr-FR","@id":"https:\/\/miniledspotlight.com\/#\/schema\/logo\/image\/","url":"https:\/\/miniledspotlight.com\/wp-content\/uploads\/2024\/06\/cropped-logo512X512_\u753b\u677f-1-1.webp","contentUrl":"https:\/\/miniledspotlight.com\/wp-content\/uploads\/2024\/06\/cropped-logo512X512_\u753b\u677f-1-1.webp","width":512,"height":512,"caption":"miniledspotlight.com"},"image":{"@id":"https:\/\/miniledspotlight.com\/#\/schema\/logo\/image\/"},"sameAs":["https:\/\/www.facebook.com\/profile.php?id=100091846026418"]}]}},"_links":{"self":[{"href":"https:\/\/miniledspotlight.com\/fr\/wp-json\/wp\/v2\/pages\/2937","targetHints":{"allow":["GET"]}}],"collection":[{"href":"https:\/\/miniledspotlight.com\/fr\/wp-json\/wp\/v2\/pages"}],"about":[{"href":"https:\/\/miniledspotlight.com\/fr\/wp-json\/wp\/v2\/types\/page"}],"author":[{"embeddable":true,"href":"https:\/\/miniledspotlight.com\/fr\/wp-json\/wp\/v2\/users\/1"}],"replies":[{"embeddable":true,"href":"https:\/\/miniledspotlight.com\/fr\/wp-json\/wp\/v2\/comments?post=2937"}],"version-history":[{"count":3,"href":"https:\/\/miniledspotlight.com\/fr\/wp-json\/wp\/v2\/pages\/2937\/revisions"}],"predecessor-version":[{"id":2946,"href":"https:\/\/miniledspotlight.com\/fr\/wp-json\/wp\/v2\/pages\/2937\/revisions\/2946"}],"wp:attachment":[{"href":"https:\/\/miniledspotlight.com\/fr\/wp-json\/wp\/v2\/media?parent=2937"}],"curies":[{"name":"wp","href":"https:\/\/api.w.org\/{rel}","templated":true}]}}