{"id":1289,"date":"2024-05-13T06:10:03","date_gmt":"2024-05-13T06:10:03","guid":{"rendered":"https:\/\/miniledspotlight.com\/?page_id=1289"},"modified":"2024-05-13T06:16:12","modified_gmt":"2024-05-13T06:16:12","slug":"terms-of-service","status":"publish","type":"page","link":"https:\/\/miniledspotlight.com\/es\/terms-of-service\/","title":{"rendered":"Condiciones de uso"},"content":{"rendered":"<div class=\"row\"  id=\"row-1650419791\">\n\n\t<div id=\"col-98073826\" class=\"col small-12 large-12\"  >\n\t\t\t\t<div class=\"col-inner\"  >\n\t\t\t\n\t\t\t\n<div class=\"row align-center\"  id=\"row-796722567\">\n\n\t<div id=\"col-1556134683\" class=\"col medium-9 small-12 large-9\"  >\n\t\t\t\t<div class=\"col-inner\"  >\n\t\t\t\n\t\t\t\n\t<div id=\"text-2593724257\" class=\"text\">\n\t\t\n<h1 style=\"text-align: left;\"><span style=\"color: #50b848;\"><strong><b>Condiciones de uso<\/b><\/strong><\/span><\/h1>\n<hr \/>\n<p style=\"text-align: left;\"><span style=\"color: #282828;\">Bienvenido al sitio web de la empresa VLED. Lea atentamente las siguientes condiciones de servicio antes de utilizar nuestro sitio web. Al utilizar nuestro sitio web, usted acepta estas condiciones.<\/span><\/p>\n<p><b><\/b><strong>1.<\/strong>Derechos de propiedad intelectual<br \/><span style=\"color: #282828;\">VLEDcompany es propietaria de todos los derechos de propiedad intelectual de este sitio web, incluidos, entre otros, el texto, las im\u00e1genes, los logotipos, las marcas comerciales, los derechos de autor, etc. del sitio web. Queda terminantemente prohibido copiar, modificar, difundir o utilizar cualquier contenido del sitio web sin nuestro permiso por escrito.<\/span><\/p>\n<p><span style=\"color: #50b848; font-size: 14.4px;\"><strong>2.<\/strong>Comportamiento de los usuarios<\/span><\/p>\n<p style=\"text-align: left;\"><span style=\"color: #282828;\">Al utilizar nuestro sitio web, usted acepta:<\/span><\/p>\n<ul style=\"text-align: left;\">\n<li><span style=\"color: #282828;\">No publicar intencionadamente informaci\u00f3n falsa, enga\u00f1osa o malintencionada;No obtener ilegalmente informaci\u00f3n personal de otros usuarios;<\/span><\/li>\n<li><span style=\"color: #282828;\">No interferir o perturbar el funcionamiento normal de nuestro sitio web;<\/span><\/li>\n<li><span style=\"color: #282828;\">No infringir los derechos de propiedad intelectual u otros derechos de terceros.<\/span><\/li>\n<\/ul>\n<p style=\"text-align: left;\"><strong><b>3.<\/b><\/strong>Descargo de responsabilidad<br \/><span style=\"color: #282828;\">La informaci\u00f3n contenida en este sitio web s\u00f3lo sirve de referencia, y no nos hacemos responsables de ninguna p\u00e9rdida o da\u00f1o directo o indirecto causado por el uso de este sitio web. No nos hacemos responsables del contenido de otros sitios web.<\/span><\/p>\n<p style=\"text-align: left;\"><strong><b>4<span style=\"color: #50b848;\">.<\/span><\/b><\/strong><span style=\"color: #50b848;\">Legislaci\u00f3n aplicable y resoluci\u00f3n de litigios<\/span><br \/><span style=\"color: #282828;\">Estas condiciones de servicio se regir\u00e1n por la legislaci\u00f3n china. Cualquier disputa relacionada con estas condiciones de servicio estar\u00e1 sujeta a la jurisdicci\u00f3n de los tribunales competentes.<\/span><\/p>\n<p style=\"text-align: left;\"><strong><b>5.<\/b><\/strong>Cambios en el servicio<br \/><span style=\"color: #282828;\">Nos reservamos el derecho a modificar o suspender este sitio web en cualquier momento, incluyendo, entre otros, la modificaci\u00f3n de cualquier servicio, funci\u00f3n, caracter\u00edstica o contenido. Podemos notificarle estos cambios a trav\u00e9s de este sitio web o por correo electr\u00f3nico.<\/span><\/p>\n<p style=\"text-align: left;\"><strong><b>6.<\/b><\/strong>Pol\u00edtica de privacidad<br \/><span style=\"color: #282828;\">Nuestra pol\u00edtica de privacidad explica c\u00f3mo recogemos, utilizamos y divulgamos su informaci\u00f3n personal. Lea atentamente nuestra pol\u00edtica de privacidad antes de utilizar nuestro sitio web.<\/span><\/p>\n<p style=\"text-align: left;\"><strong><b>7.<\/b><\/strong>Otros t\u00e9rminos<br \/><span style=\"color: #282828;\">Si alguna parte de estas condiciones de servicio se considera inv\u00e1lida o inaplicable, se considerar\u00e1 independiente del resto de estas condiciones y no afectar\u00e1 a la validez y aplicabilidad de las disposiciones restantes.<\/span><\/p>\n<p style=\"text-align: left;\"><strong><b>8.<\/b><\/strong>Contacte con nosotros<br \/><span style=\"color: #282828;\">Si tiene alguna pregunta o comentario sobre estas condiciones de servicio, por favor<span style=\"color: #50b848;\">\u00a0<a style=\"color: #50b848;\" href=\"https:\/\/miniledspotlight.com\/es\/contact-us\/\">Contacto<\/a>.<\/span><\/span><\/p>\n\t\t\n<style>\n#text-2593724257 {\n  color: rgb(111, 188, 95);\n}\n#text-2593724257 > * {\n  color: rgb(111, 188, 95);\n}\n<\/style>\n\t<\/div>\n\t\n\t\t<\/div>\n\t\t\t\t\t<\/div>\n\n\t\n<\/div>\n\t\t<\/div>\n\t\t\t\t\t<\/div>\n\n\t\n<\/div>","protected":false},"excerpt":{"rendered":"","protected":false},"author":1,"featured_media":0,"parent":0,"menu_order":0,"comment_status":"closed","ping_status":"closed","template":"","meta":{"_monsterinsights_skip_tracking":false,"_monsterinsights_sitenote_active":false,"_monsterinsights_sitenote_note":"","_monsterinsights_sitenote_category":0,"footnotes":""},"class_list":["post-1289","page","type-page","status-publish","hentry"],"yoast_head":"<!-- This site is optimized with the Yoast SEO plugin v26.9 - https:\/\/yoast.com\/product\/yoast-seo-wordpress\/ -->\n<title>Terms of Service - miniledspotlight.com<\/title>\n<meta name=\"robots\" content=\"index, follow, max-snippet:-1, max-image-preview:large, max-video-preview:-1\" \/>\n<link rel=\"canonical\" href=\"https:\/\/miniledspotlight.com\/es\/terms-of-service\/\" \/>\n<meta property=\"og:locale\" content=\"es_ES\" \/>\n<meta property=\"og:type\" content=\"article\" \/>\n<meta property=\"og:title\" content=\"Terms of Service - miniledspotlight.com\" \/>\n<meta property=\"og:url\" content=\"https:\/\/miniledspotlight.com\/es\/terms-of-service\/\" \/>\n<meta property=\"og:site_name\" content=\"miniledspotlight.com\" \/>\n<meta property=\"article:publisher\" content=\"https:\/\/www.facebook.com\/profile.php?id=100091846026418\" \/>\n<meta property=\"article:modified_time\" content=\"2024-05-13T06:16:12+00:00\" \/>\n<meta property=\"og:image\" content=\"https:\/\/miniledspotlight.com\/wp-content\/uploads\/2024\/08\/\u5957\u88c5\u7ec4\u5408\u56fe\u65b01.jpg\" \/>\n\t<meta property=\"og:image:width\" content=\"1200\" \/>\n\t<meta property=\"og:image:height\" content=\"628\" \/>\n\t<meta property=\"og:image:type\" content=\"image\/jpeg\" \/>\n<meta name=\"twitter:card\" content=\"summary_large_image\" \/>\n<script type=\"application\/ld+json\" class=\"yoast-schema-graph\">{\"@context\":\"https:\/\/schema.org\",\"@graph\":[{\"@type\":\"WebPage\",\"@id\":\"https:\/\/miniledspotlight.com\/terms-of-service\/\",\"url\":\"https:\/\/miniledspotlight.com\/terms-of-service\/\",\"name\":\"Terms of Service - miniledspotlight.com\",\"isPartOf\":{\"@id\":\"https:\/\/miniledspotlight.com\/#website\"},\"datePublished\":\"2024-05-13T06:10:03+00:00\",\"dateModified\":\"2024-05-13T06:16:12+00:00\",\"breadcrumb\":{\"@id\":\"https:\/\/miniledspotlight.com\/terms-of-service\/#breadcrumb\"},\"inLanguage\":\"es\",\"potentialAction\":[{\"@type\":\"ReadAction\",\"target\":[\"https:\/\/miniledspotlight.com\/terms-of-service\/\"]}]},{\"@type\":\"BreadcrumbList\",\"@id\":\"https:\/\/miniledspotlight.com\/terms-of-service\/#breadcrumb\",\"itemListElement\":[{\"@type\":\"ListItem\",\"position\":1,\"name\":\"Home\",\"item\":\"https:\/\/miniledspotlight.com\/\"},{\"@type\":\"ListItem\",\"position\":2,\"name\":\"Terms of Service\"}]},{\"@type\":\"WebSite\",\"@id\":\"https:\/\/miniledspotlight.com\/#website\",\"url\":\"https:\/\/miniledspotlight.com\/\",\"name\":\"miniledspotlight.com\",\"description\":\"mini LED spotlight manufacture\",\"publisher\":{\"@id\":\"https:\/\/miniledspotlight.com\/#organization\"},\"potentialAction\":[{\"@type\":\"SearchAction\",\"target\":{\"@type\":\"EntryPoint\",\"urlTemplate\":\"https:\/\/miniledspotlight.com\/?s={search_term_string}\"},\"query-input\":{\"@type\":\"PropertyValueSpecification\",\"valueRequired\":true,\"valueName\":\"search_term_string\"}}],\"inLanguage\":\"es\"},{\"@type\":\"Organization\",\"@id\":\"https:\/\/miniledspotlight.com\/#organization\",\"name\":\"miniledspotlight.com\",\"url\":\"https:\/\/miniledspotlight.com\/\",\"logo\":{\"@type\":\"ImageObject\",\"inLanguage\":\"es\",\"@id\":\"https:\/\/miniledspotlight.com\/#\/schema\/logo\/image\/\",\"url\":\"https:\/\/miniledspotlight.com\/wp-content\/uploads\/2024\/06\/cropped-logo512X512_\u753b\u677f-1-1.webp\",\"contentUrl\":\"https:\/\/miniledspotlight.com\/wp-content\/uploads\/2024\/06\/cropped-logo512X512_\u753b\u677f-1-1.webp\",\"width\":512,\"height\":512,\"caption\":\"miniledspotlight.com\"},\"image\":{\"@id\":\"https:\/\/miniledspotlight.com\/#\/schema\/logo\/image\/\"},\"sameAs\":[\"https:\/\/www.facebook.com\/profile.php?id=100091846026418\"]}]}<\/script>\n<!-- \/ Yoast SEO plugin. -->","yoast_head_json":{"title":"Terms of Service - miniledspotlight.com","robots":{"index":"index","follow":"follow","max-snippet":"max-snippet:-1","max-image-preview":"max-image-preview:large","max-video-preview":"max-video-preview:-1"},"canonical":"https:\/\/miniledspotlight.com\/es\/terms-of-service\/","og_locale":"es_ES","og_type":"article","og_title":"Terms of Service - miniledspotlight.com","og_url":"https:\/\/miniledspotlight.com\/es\/terms-of-service\/","og_site_name":"miniledspotlight.com","article_publisher":"https:\/\/www.facebook.com\/profile.php?id=100091846026418","article_modified_time":"2024-05-13T06:16:12+00:00","og_image":[{"width":1200,"height":628,"url":"https:\/\/miniledspotlight.com\/wp-content\/uploads\/2024\/08\/\u5957\u88c5\u7ec4\u5408\u56fe\u65b01.jpg","type":"image\/jpeg"}],"twitter_card":"summary_large_image","schema":{"@context":"https:\/\/schema.org","@graph":[{"@type":"WebPage","@id":"https:\/\/miniledspotlight.com\/terms-of-service\/","url":"https:\/\/miniledspotlight.com\/terms-of-service\/","name":"Terms of Service - miniledspotlight.com","isPartOf":{"@id":"https:\/\/miniledspotlight.com\/#website"},"datePublished":"2024-05-13T06:10:03+00:00","dateModified":"2024-05-13T06:16:12+00:00","breadcrumb":{"@id":"https:\/\/miniledspotlight.com\/terms-of-service\/#breadcrumb"},"inLanguage":"es","potentialAction":[{"@type":"ReadAction","target":["https:\/\/miniledspotlight.com\/terms-of-service\/"]}]},{"@type":"BreadcrumbList","@id":"https:\/\/miniledspotlight.com\/terms-of-service\/#breadcrumb","itemListElement":[{"@type":"ListItem","position":1,"name":"Home","item":"https:\/\/miniledspotlight.com\/"},{"@type":"ListItem","position":2,"name":"Terms of Service"}]},{"@type":"WebSite","@id":"https:\/\/miniledspotlight.com\/#website","url":"https:\/\/miniledspotlight.com\/","name":"miniledspotlight.com","description":"fabricaci\u00f3n de mini focos LED","publisher":{"@id":"https:\/\/miniledspotlight.com\/#organization"},"potentialAction":[{"@type":"SearchAction","target":{"@type":"EntryPoint","urlTemplate":"https:\/\/miniledspotlight.com\/?s={search_term_string}"},"query-input":{"@type":"PropertyValueSpecification","valueRequired":true,"valueName":"search_term_string"}}],"inLanguage":"es"},{"@type":"Organization","@id":"https:\/\/miniledspotlight.com\/#organization","name":"miniledspotlight.com","url":"https:\/\/miniledspotlight.com\/","logo":{"@type":"ImageObject","inLanguage":"es","@id":"https:\/\/miniledspotlight.com\/#\/schema\/logo\/image\/","url":"https:\/\/miniledspotlight.com\/wp-content\/uploads\/2024\/06\/cropped-logo512X512_\u753b\u677f-1-1.webp","contentUrl":"https:\/\/miniledspotlight.com\/wp-content\/uploads\/2024\/06\/cropped-logo512X512_\u753b\u677f-1-1.webp","width":512,"height":512,"caption":"miniledspotlight.com"},"image":{"@id":"https:\/\/miniledspotlight.com\/#\/schema\/logo\/image\/"},"sameAs":["https:\/\/www.facebook.com\/profile.php?id=100091846026418"]}]}},"_links":{"self":[{"href":"https:\/\/miniledspotlight.com\/es\/wp-json\/wp\/v2\/pages\/1289","targetHints":{"allow":["GET"]}}],"collection":[{"href":"https:\/\/miniledspotlight.com\/es\/wp-json\/wp\/v2\/pages"}],"about":[{"href":"https:\/\/miniledspotlight.com\/es\/wp-json\/wp\/v2\/types\/page"}],"author":[{"embeddable":true,"href":"https:\/\/miniledspotlight.com\/es\/wp-json\/wp\/v2\/users\/1"}],"replies":[{"embeddable":true,"href":"https:\/\/miniledspotlight.com\/es\/wp-json\/wp\/v2\/comments?post=1289"}],"version-history":[{"count":2,"href":"https:\/\/miniledspotlight.com\/es\/wp-json\/wp\/v2\/pages\/1289\/revisions"}],"predecessor-version":[{"id":1291,"href":"https:\/\/miniledspotlight.com\/es\/wp-json\/wp\/v2\/pages\/1289\/revisions\/1291"}],"wp:attachment":[{"href":"https:\/\/miniledspotlight.com\/es\/wp-json\/wp\/v2\/media?parent=1289"}],"curies":[{"name":"wp","href":"https:\/\/api.w.org\/{rel}","templated":true}]}}